{"id":6880,"date":"2024-06-06T17:20:55","date_gmt":"2024-06-06T16:20:55","guid":{"rendered":"https:\/\/fso.darelmaarifa.com\/?page_id=6880"},"modified":"2024-06-06T17:29:42","modified_gmt":"2024-06-06T16:29:42","slug":"campus-connecte","status":"publish","type":"page","link":"https:\/\/fso.darelmaarifa.com\/?page_id=6880","title":{"rendered":"Campus Connect\u00e9"},"content":{"rendered":"\t\t<div data-elementor-type=\"wp-page\" data-elementor-id=\"6880\" class=\"elementor elementor-6880\" data-elementor-post-type=\"page\">\n\t\t\t\t\t\t<section class=\"elementor-section elementor-top-section elementor-element elementor-element-65b7950f elementor-section-height-min-height elementor-section-boxed elementor-section-height-default elementor-section-items-middle\" data-id=\"65b7950f\" data-element_type=\"section\" data-e-type=\"section\" data-settings=\"{&quot;background_background&quot;:&quot;classic&quot;}\">\n\t\t\t\t\t\t<div class=\"elementor-container elementor-column-gap-default\">\n\t\t\t\t\t<div class=\"elementor-column elementor-col-100 elementor-top-column elementor-element elementor-element-522a8585\" data-id=\"522a8585\" data-element_type=\"column\" data-e-type=\"column\">\n\t\t\t<div class=\"elementor-widget-wrap elementor-element-populated\">\n\t\t\t\t\t\t<div class=\"elementor-element elementor-element-246c4fa2 elementor-widget elementor-widget-theme-post-title elementor-page-title elementor-widget-heading\" data-id=\"246c4fa2\" data-element_type=\"widget\" data-e-type=\"widget\" data-settings=\"{&quot;ekit_we_effect_on&quot;:&quot;none&quot;}\" data-widget_type=\"theme-post-title.default\">\n\t\t\t\t<div class=\"elementor-widget-container\">\n\t\t\t\t\t<h1 class=\"elementor-heading-title elementor-size-default\">Campus Connect\u00e9<\/h1>\t\t\t\t<\/div>\n\t\t\t\t<\/div>\n\t\t\t\t\t<\/div>\n\t\t<\/div>\n\t\t\t\t\t<\/div>\n\t\t<\/section>\n\t\t\t\t<section class=\"elementor-section elementor-top-section elementor-element elementor-element-2c98eef elementor-section-boxed elementor-section-height-default elementor-section-height-default\" data-id=\"2c98eef\" data-element_type=\"section\" data-e-type=\"section\">\n\t\t\t\t\t\t<div class=\"elementor-container elementor-column-gap-default\">\n\t\t\t\t\t<div class=\"elementor-column elementor-col-100 elementor-top-column elementor-element elementor-element-da11cab\" data-id=\"da11cab\" data-element_type=\"column\" data-e-type=\"column\">\n\t\t\t<div class=\"elementor-widget-wrap elementor-element-populated\">\n\t\t\t\t\t\t<section class=\"elementor-section elementor-inner-section elementor-element elementor-element-6bec20f elementor-section-boxed elementor-section-height-default elementor-section-height-default\" data-id=\"6bec20f\" data-element_type=\"section\" data-e-type=\"section\">\n\t\t\t\t\t\t<div class=\"elementor-container elementor-column-gap-default\">\n\t\t\t\t\t<div class=\"elementor-column elementor-col-100 elementor-inner-column elementor-element elementor-element-e5d7ac1\" data-id=\"e5d7ac1\" data-element_type=\"column\" data-e-type=\"column\">\n\t\t\t<div class=\"elementor-widget-wrap elementor-element-populated\">\n\t\t\t\t\t\t<div class=\"elementor-element elementor-element-089933a elementor-widget elementor-widget-heading\" data-id=\"089933a\" data-element_type=\"widget\" data-e-type=\"widget\" data-settings=\"{&quot;ekit_we_effect_on&quot;:&quot;none&quot;}\" data-widget_type=\"heading.default\">\n\t\t\t\t<div class=\"elementor-widget-container\">\n\t\t\t\t\t<h2 class=\"elementor-heading-title elementor-size-default\">Proc\u00e9dure de connexion au Wifi Campus Connect\u00e9\n<\/h2>\t\t\t\t<\/div>\n\t\t\t\t<\/div>\n\t\t\t\t<div class=\"elementor-element elementor-element-fbe688d elementor-widget elementor-widget-text-editor\" data-id=\"fbe688d\" data-element_type=\"widget\" data-e-type=\"widget\" data-settings=\"{&quot;ekit_we_effect_on&quot;:&quot;none&quot;}\" data-widget_type=\"text-editor.default\">\n\t\t\t\t<div class=\"elementor-widget-container\">\n\t\t\t\t\t\t\t\t\t<div class=\"bdt-slider-excerpt\" data-reveal=\"reveal-active\" data-bdt-slideshow-parallax=\"y: 100,0,-80; opacity: 1,1,0\"><p>Suivre la proc\u00e9dure de connexion appropri\u00e9e, selon l\u2019appareil que vous utilisez :<\/p><\/div>\t\t\t\t\t\t\t\t<\/div>\n\t\t\t\t<\/div>\n\t\t\t\t\t<\/div>\n\t\t<\/div>\n\t\t\t\t\t<\/div>\n\t\t<\/section>\n\t\t\t\t<section class=\"elementor-section elementor-inner-section elementor-element elementor-element-9002bb4 elementor-section-full_width elementor-section-content-middle elementor-section-height-default elementor-section-height-default\" data-id=\"9002bb4\" data-element_type=\"section\" data-e-type=\"section\">\n\t\t\t\t\t\t<div class=\"elementor-container elementor-column-gap-default\">\n\t\t\t\t\t<div class=\"elementor-column elementor-col-20 elementor-inner-column elementor-element elementor-element-45336a2\" data-id=\"45336a2\" data-element_type=\"column\" data-e-type=\"column\">\n\t\t\t<div class=\"elementor-widget-wrap elementor-element-populated\">\n\t\t\t\t\t\t<div class=\"elementor-element elementor-element-812bc8a elementor-widget elementor-widget-text-editor\" data-id=\"812bc8a\" data-element_type=\"widget\" data-e-type=\"widget\" data-settings=\"{&quot;ekit_we_effect_on&quot;:&quot;none&quot;}\" data-widget_type=\"text-editor.default\">\n\t\t\t\t<div class=\"elementor-widget-container\">\n\t\t\t\t\t\t\t\t\t<div class=\"bdt-slider-excerpt\" data-reveal=\"reveal-active\" data-bdt-slideshow-parallax=\"y: 100,0,-80; opacity: 1,1,0\"><ol><li>Connexion \u00e0 partir d\u2019un ordinateur Windows:<\/li><\/ol><\/div>\t\t\t\t\t\t\t\t<\/div>\n\t\t\t\t<\/div>\n\t\t\t\t<div class=\"elementor-element elementor-element-37f8bf5 elementor-widget elementor-widget-shortcode\" data-id=\"37f8bf5\" data-element_type=\"widget\" data-e-type=\"widget\" data-settings=\"{&quot;ekit_we_effect_on&quot;:&quot;none&quot;}\" data-widget_type=\"shortcode.default\">\n\t\t\t\t<div class=\"elementor-widget-container\">\n\t\t\t\t\t\t\t<div class=\"elementor-shortcode\"><div class=\"_df_thumb \" id=\"df_6883\"  _slug=\"connexion-a-partir-dun-ordinateur-windows\" data-title=\"connexion-a-partir-dun-ordinateur-windows\" wpoptions=\"true\" thumb=\"https:\/\/fso.darelmaarifa.com\/wp-content\/uploads\/2024\/05\/Add-a-little-bit-of-body-text.png\" thumbtype=\"\" >Connexion \u00e0 partir d\u2019un ordinateur Windows<\/div><script class=\"df-shortcode-script\" nowprocket type=\"application\/javascript\">window.option_df_6883 = {\"outline\":[],\"autoEnableOutline\":\"false\",\"autoEnableThumbnail\":\"false\",\"overwritePDFOutline\":\"false\",\"direction\":\"1\",\"pageSize\":\"0\",\"source\":\"https:\\\/\\\/fso.darelmaarifa.com\\\/wp-content\\\/uploads\\\/2024\\\/06\\\/GuideAppareilWindows-Manuel.pptx.pdf\",\"wpOptions\":\"true\"}; if(window.DFLIP && window.DFLIP.parseBooks){window.DFLIP.parseBooks();}<\/script><\/div>\n\t\t\t\t\t\t<\/div>\n\t\t\t\t<\/div>\n\t\t\t\t\t<\/div>\n\t\t<\/div>\n\t\t\t\t<div class=\"elementor-column elementor-col-20 elementor-inner-column elementor-element elementor-element-4467973\" data-id=\"4467973\" data-element_type=\"column\" data-e-type=\"column\">\n\t\t\t<div class=\"elementor-widget-wrap elementor-element-populated\">\n\t\t\t\t\t\t<div class=\"elementor-element elementor-element-73bdc76 elementor-widget elementor-widget-text-editor\" data-id=\"73bdc76\" data-element_type=\"widget\" data-e-type=\"widget\" data-settings=\"{&quot;ekit_we_effect_on&quot;:&quot;none&quot;}\" data-widget_type=\"text-editor.default\">\n\t\t\t\t<div class=\"elementor-widget-container\">\n\t\t\t\t\t\t\t\t\t<div class=\"bdt-slider-excerpt\" data-reveal=\"reveal-active\" data-bdt-slideshow-parallax=\"y: 100,0,-80; opacity: 1,1,0\"><p>2. Connexion \u00e0 partir d\u2019un ordinateur Windows , d\u2019une fa\u00e7on automatique<\/p><\/div>\t\t\t\t\t\t\t\t<\/div>\n\t\t\t\t<\/div>\n\t\t\t\t<div class=\"elementor-element elementor-element-acb9e93 elementor-widget elementor-widget-shortcode\" data-id=\"acb9e93\" data-element_type=\"widget\" data-e-type=\"widget\" data-settings=\"{&quot;ekit_we_effect_on&quot;:&quot;none&quot;}\" data-widget_type=\"shortcode.default\">\n\t\t\t\t<div class=\"elementor-widget-container\">\n\t\t\t\t\t\t\t<div class=\"elementor-shortcode\"><div class=\"_df_thumb \" id=\"df_6886\"  _slug=\"connexion-a-partir-dun-ordinateur-windows-dune-facon-automatique\" data-title=\"connexion-a-partir-dun-ordinateur-windows-dune-facon-automatique\" wpoptions=\"true\" thumb=\"https:\/\/fso.darelmaarifa.com\/wp-content\/uploads\/2024\/05\/Add-a-little-bit-of-body-text.png\" thumbtype=\"\" >Connexion \u00e0 partir d\u2019un ordinateur Windows , d\u2019une fa\u00e7on automatique<\/div><script class=\"df-shortcode-script\" nowprocket type=\"application\/javascript\">window.option_df_6886 = {\"outline\":[],\"autoEnableOutline\":\"false\",\"autoEnableThumbnail\":\"false\",\"overwritePDFOutline\":\"false\",\"direction\":\"1\",\"pageSize\":\"0\",\"source\":\"https:\\\/\\\/fso.darelmaarifa.com\\\/wp-content\\\/uploads\\\/2024\\\/06\\\/GuideAppareilWindowsCAT.pptx.pdf\",\"wpOptions\":\"true\"}; if(window.DFLIP && window.DFLIP.parseBooks){window.DFLIP.parseBooks();}<\/script>\n<\/div>\n\t\t\t\t\t\t<\/div>\n\t\t\t\t<\/div>\n\t\t\t\t\t<\/div>\n\t\t<\/div>\n\t\t\t\t<div class=\"elementor-column elementor-col-20 elementor-inner-column elementor-element elementor-element-4a03401\" data-id=\"4a03401\" data-element_type=\"column\" data-e-type=\"column\">\n\t\t\t<div class=\"elementor-widget-wrap elementor-element-populated\">\n\t\t\t\t\t\t<div class=\"elementor-element elementor-element-ad50ed2 elementor-widget elementor-widget-text-editor\" data-id=\"ad50ed2\" data-element_type=\"widget\" data-e-type=\"widget\" data-settings=\"{&quot;ekit_we_effect_on&quot;:&quot;none&quot;}\" data-widget_type=\"text-editor.default\">\n\t\t\t\t<div class=\"elementor-widget-container\">\n\t\t\t\t\t\t\t\t\t<div class=\"bdt-slider-excerpt\" data-reveal=\"reveal-active\" data-bdt-slideshow-parallax=\"y: 100,0,-80; opacity: 1,1,0\"><p>3. Connexion \u00e0 partir d\u2019un ordinateur Mac OS:<\/p><\/div>\t\t\t\t\t\t\t\t<\/div>\n\t\t\t\t<\/div>\n\t\t\t\t<div class=\"elementor-element elementor-element-e5997e0 elementor-widget elementor-widget-shortcode\" data-id=\"e5997e0\" data-element_type=\"widget\" data-e-type=\"widget\" data-settings=\"{&quot;ekit_we_effect_on&quot;:&quot;none&quot;}\" data-widget_type=\"shortcode.default\">\n\t\t\t\t<div class=\"elementor-widget-container\">\n\t\t\t\t\t\t\t<div class=\"elementor-shortcode\"><div class=\"_df_thumb \" id=\"df_6889\"  _slug=\"connexion-a-partir-dun-ordinateur-mac-os\" data-title=\"connexion-a-partir-dun-ordinateur-mac-os\" wpoptions=\"true\" thumb=\"https:\/\/fso.darelmaarifa.com\/wp-content\/uploads\/2024\/05\/Add-a-little-bit-of-body-text.png\" thumbtype=\"\" >Connexion \u00e0 partir d\u2019un ordinateur Mac OS<\/div><script class=\"df-shortcode-script\" nowprocket type=\"application\/javascript\">window.option_df_6889 = {\"outline\":[],\"autoEnableOutline\":\"false\",\"autoEnableThumbnail\":\"false\",\"overwritePDFOutline\":\"false\",\"direction\":\"1\",\"pageSize\":\"0\",\"source\":\"https:\\\/\\\/fso.darelmaarifa.com\\\/wp-content\\\/uploads\\\/2024\\\/06\\\/GuideAppareilMacOS-CAT.pptx.pdf\",\"wpOptions\":\"true\"}; if(window.DFLIP && window.DFLIP.parseBooks){window.DFLIP.parseBooks();}<\/script>\n<\/div>\n\t\t\t\t\t\t<\/div>\n\t\t\t\t<\/div>\n\t\t\t\t\t<\/div>\n\t\t<\/div>\n\t\t\t\t<div class=\"elementor-column elementor-col-20 elementor-inner-column elementor-element elementor-element-b4ae17f\" data-id=\"b4ae17f\" data-element_type=\"column\" data-e-type=\"column\">\n\t\t\t<div class=\"elementor-widget-wrap elementor-element-populated\">\n\t\t\t\t\t\t<div class=\"elementor-element elementor-element-ecd4517 elementor-widget elementor-widget-text-editor\" data-id=\"ecd4517\" data-element_type=\"widget\" data-e-type=\"widget\" data-settings=\"{&quot;ekit_we_effect_on&quot;:&quot;none&quot;}\" data-widget_type=\"text-editor.default\">\n\t\t\t\t<div class=\"elementor-widget-container\">\n\t\t\t\t\t\t\t\t\t<div class=\"bdt-slider-excerpt\" data-reveal=\"reveal-active\" data-bdt-slideshow-parallax=\"y: 100,0,-80; opacity: 1,1,0\"><p>4. Connexion \u00e0 partir d\u2019un t\u00e9l\u00e9phone portable Android:<\/p><\/div>\t\t\t\t\t\t\t\t<\/div>\n\t\t\t\t<\/div>\n\t\t\t\t<div class=\"elementor-element elementor-element-f35e715 elementor-widget elementor-widget-shortcode\" data-id=\"f35e715\" data-element_type=\"widget\" data-e-type=\"widget\" data-settings=\"{&quot;ekit_we_effect_on&quot;:&quot;none&quot;}\" data-widget_type=\"shortcode.default\">\n\t\t\t\t<div class=\"elementor-widget-container\">\n\t\t\t\t\t\t\t<div class=\"elementor-shortcode\"><div class=\"_df_thumb \" id=\"df_6892\"  _slug=\"connexion-a-partir-dun-telephone-portable-android\" data-title=\"connexion-a-partir-dun-telephone-portable-android\" wpoptions=\"true\" thumb=\"https:\/\/fso.darelmaarifa.com\/wp-content\/uploads\/2024\/05\/Add-a-little-bit-of-body-text.png\" thumbtype=\"\" >Connexion \u00e0 partir d\u2019un t\u00e9l\u00e9phone portable Android<\/div><script class=\"df-shortcode-script\" nowprocket type=\"application\/javascript\">window.option_df_6892 = {\"outline\":[],\"autoEnableOutline\":\"false\",\"autoEnableThumbnail\":\"false\",\"overwritePDFOutline\":\"false\",\"direction\":\"1\",\"pageSize\":\"0\",\"source\":\"https:\\\/\\\/fso.darelmaarifa.com\\\/wp-content\\\/uploads\\\/2024\\\/06\\\/GuideAppareilAndroid-Manuel.pptx.pdf\",\"wpOptions\":\"true\"}; if(window.DFLIP && window.DFLIP.parseBooks){window.DFLIP.parseBooks();}<\/script>\n<\/div>\n\t\t\t\t\t\t<\/div>\n\t\t\t\t<\/div>\n\t\t\t\t\t<\/div>\n\t\t<\/div>\n\t\t\t\t<div class=\"elementor-column elementor-col-20 elementor-inner-column elementor-element elementor-element-468df36\" data-id=\"468df36\" data-element_type=\"column\" data-e-type=\"column\">\n\t\t\t<div class=\"elementor-widget-wrap elementor-element-populated\">\n\t\t\t\t\t\t<div class=\"elementor-element elementor-element-3c7b1d0 elementor-widget elementor-widget-text-editor\" data-id=\"3c7b1d0\" data-element_type=\"widget\" data-e-type=\"widget\" data-settings=\"{&quot;ekit_we_effect_on&quot;:&quot;none&quot;}\" data-widget_type=\"text-editor.default\">\n\t\t\t\t<div class=\"elementor-widget-container\">\n\t\t\t\t\t\t\t\t\t<div class=\"bdt-slider-excerpt\" data-reveal=\"reveal-active\" data-bdt-slideshow-parallax=\"y: 100,0,-80; opacity: 1,1,0\"><p>5. Connexion \u00e0 partir d\u2019un t\u00e9l\u00e9phone portable IOS:<\/p><\/div>\t\t\t\t\t\t\t\t<\/div>\n\t\t\t\t<\/div>\n\t\t\t\t<div class=\"elementor-element elementor-element-5892424 elementor-widget elementor-widget-shortcode\" data-id=\"5892424\" data-element_type=\"widget\" data-e-type=\"widget\" data-settings=\"{&quot;ekit_we_effect_on&quot;:&quot;none&quot;}\" data-widget_type=\"shortcode.default\">\n\t\t\t\t<div class=\"elementor-widget-container\">\n\t\t\t\t\t\t\t<div class=\"elementor-shortcode\"><div class=\"_df_thumb \" id=\"df_6895\"  _slug=\"connexion-a-partir-dun-telephone-portable-ios\" data-title=\"connexion-a-partir-dun-telephone-portable-ios\" wpoptions=\"true\" thumb=\"https:\/\/fso.darelmaarifa.com\/wp-content\/uploads\/2024\/05\/Add-a-little-bit-of-body-text.png\" thumbtype=\"\" >Connexion \u00e0 partir d\u2019un t\u00e9l\u00e9phone portable IOS<\/div><script class=\"df-shortcode-script\" nowprocket type=\"application\/javascript\">window.option_df_6895 = {\"outline\":[],\"autoEnableOutline\":\"false\",\"autoEnableThumbnail\":\"false\",\"overwritePDFOutline\":\"false\",\"direction\":\"1\",\"pageSize\":\"0\",\"source\":\"https:\\\/\\\/fso.darelmaarifa.com\\\/wp-content\\\/uploads\\\/2024\\\/06\\\/GuideAppareilPortableiOS-CAT.pptx.pdf\",\"wpOptions\":\"true\"}; if(window.DFLIP && window.DFLIP.parseBooks){window.DFLIP.parseBooks();}<\/script>\n<\/div>\n\t\t\t\t\t\t<\/div>\n\t\t\t\t<\/div>\n\t\t\t\t\t<\/div>\n\t\t<\/div>\n\t\t\t\t\t<\/div>\n\t\t<\/section>\n\t\t\t\t\t<\/div>\n\t\t<\/div>\n\t\t\t\t\t<\/div>\n\t\t<\/section>\n\t\t\t\t<\/div>\n\t\t","protected":false},"excerpt":{"rendered":"<p>Proc\u00e9dure de connexion au Wifi Campus Connect\u00e9 Suivre la proc\u00e9dure de connexion appropri\u00e9e, selon l\u2019appareil que vous utilisez : Connexion \u00e0 partir d\u2019un ordinateur Windows: 2. Connexion \u00e0 partir d\u2019un ordinateur Windows , d\u2019une fa\u00e7on automatique 3. Connexion \u00e0 partir d\u2019un ordinateur Mac OS: 4. Connexion \u00e0 partir d\u2019un t\u00e9l\u00e9phone portable Android: 5. Connexion \u00e0 [&hellip;]<\/p>\n","protected":false},"author":1,"featured_media":6074,"parent":0,"menu_order":0,"comment_status":"closed","ping_status":"closed","template":"elementor_header_footer","meta":{"_acf_changed":false,"inline_featured_image":false,"footnotes":""},"class_list":["post-6880","page","type-page","status-publish","has-post-thumbnail","hentry"],"acf":[],"yoast_head":"<!-- This site is optimized with the Yoast SEO plugin v27.3 - https:\/\/yoast.com\/product\/yoast-seo-wordpress\/ -->\n<title>Campus Connect\u00e9 - FSO<\/title>\n<meta name=\"robots\" content=\"index, follow, max-snippet:-1, max-image-preview:large, max-video-preview:-1\" \/>\n<link rel=\"canonical\" href=\"https:\/\/fso.darelmaarifa.com\/?page_id=6880\" \/>\n<meta property=\"og:locale\" content=\"fr_FR\" \/>\n<meta property=\"og:type\" content=\"article\" \/>\n<meta property=\"og:title\" content=\"Campus Connect\u00e9 - FSO\" \/>\n<meta property=\"og:description\" content=\"Proc\u00e9dure de connexion au Wifi Campus Connect\u00e9 Suivre la proc\u00e9dure de connexion appropri\u00e9e, selon l\u2019appareil que vous utilisez : Connexion \u00e0 partir d\u2019un ordinateur Windows: 2. Connexion \u00e0 partir d\u2019un ordinateur Windows , d\u2019une fa\u00e7on automatique 3. Connexion \u00e0 partir d\u2019un ordinateur Mac OS: 4. Connexion \u00e0 partir d\u2019un t\u00e9l\u00e9phone portable Android: 5. Connexion \u00e0 [&hellip;]\" \/>\n<meta property=\"og:url\" content=\"https:\/\/fso.darelmaarifa.com\/?page_id=6880\" \/>\n<meta property=\"og:site_name\" content=\"FSO\" \/>\n<meta property=\"article:publisher\" content=\"https:\/\/www.facebook.com\/fso.ump.ma\/\" \/>\n<meta property=\"article:modified_time\" content=\"2024-06-06T16:29:42+00:00\" \/>\n<meta property=\"og:image\" content=\"https:\/\/fso.darelmaarifa.com\/wp-content\/uploads\/2024\/05\/club-inox.jpg\" \/>\n\t<meta property=\"og:image:width\" content=\"1200\" \/>\n\t<meta property=\"og:image:height\" content=\"646\" \/>\n\t<meta property=\"og:image:type\" content=\"image\/jpeg\" \/>\n<meta name=\"twitter:card\" content=\"summary_large_image\" \/>\n<meta name=\"twitter:label1\" content=\"Dur\u00e9e de lecture estim\u00e9e\" \/>\n\t<meta name=\"twitter:data1\" content=\"1 minute\" \/>\n<script type=\"application\/ld+json\" class=\"yoast-schema-graph\">{\"@context\":\"https:\\\/\\\/schema.org\",\"@graph\":[{\"@type\":\"WebPage\",\"@id\":\"https:\\\/\\\/fso.darelmaarifa.com\\\/?page_id=6880\",\"url\":\"https:\\\/\\\/fso.darelmaarifa.com\\\/?page_id=6880\",\"name\":\"Campus Connect\u00e9 - FSO\",\"isPartOf\":{\"@id\":\"https:\\\/\\\/fso.darelmaarifa.com\\\/#website\"},\"primaryImageOfPage\":{\"@id\":\"https:\\\/\\\/fso.darelmaarifa.com\\\/?page_id=6880#primaryimage\"},\"image\":{\"@id\":\"https:\\\/\\\/fso.darelmaarifa.com\\\/?page_id=6880#primaryimage\"},\"thumbnailUrl\":\"https:\\\/\\\/fso.darelmaarifa.com\\\/wp-content\\\/uploads\\\/2024\\\/05\\\/club-inox.jpg\",\"datePublished\":\"2024-06-06T16:20:55+00:00\",\"dateModified\":\"2024-06-06T16:29:42+00:00\",\"breadcrumb\":{\"@id\":\"https:\\\/\\\/fso.darelmaarifa.com\\\/?page_id=6880#breadcrumb\"},\"inLanguage\":\"fr-FR\",\"potentialAction\":[{\"@type\":\"ReadAction\",\"target\":[\"https:\\\/\\\/fso.darelmaarifa.com\\\/?page_id=6880\"]}]},{\"@type\":\"ImageObject\",\"inLanguage\":\"fr-FR\",\"@id\":\"https:\\\/\\\/fso.darelmaarifa.com\\\/?page_id=6880#primaryimage\",\"url\":\"https:\\\/\\\/fso.darelmaarifa.com\\\/wp-content\\\/uploads\\\/2024\\\/05\\\/club-inox.jpg\",\"contentUrl\":\"https:\\\/\\\/fso.darelmaarifa.com\\\/wp-content\\\/uploads\\\/2024\\\/05\\\/club-inox.jpg\",\"width\":1200,\"height\":646},{\"@type\":\"BreadcrumbList\",\"@id\":\"https:\\\/\\\/fso.darelmaarifa.com\\\/?page_id=6880#breadcrumb\",\"itemListElement\":[{\"@type\":\"ListItem\",\"position\":1,\"name\":\"Accueil\",\"item\":\"https:\\\/\\\/fso.darelmaarifa.com\\\/\"},{\"@type\":\"ListItem\",\"position\":2,\"name\":\"Campus Connect\u00e9\"}]},{\"@type\":\"WebSite\",\"@id\":\"https:\\\/\\\/fso.darelmaarifa.com\\\/#website\",\"url\":\"https:\\\/\\\/fso.darelmaarifa.com\\\/\",\"name\":\"Facult\u00e9 des Sciences Oujda\",\"description\":\"Facult\u00e9 des Sciences Oujda\",\"publisher\":{\"@id\":\"https:\\\/\\\/fso.darelmaarifa.com\\\/#organization\"},\"potentialAction\":[{\"@type\":\"SearchAction\",\"target\":{\"@type\":\"EntryPoint\",\"urlTemplate\":\"https:\\\/\\\/fso.darelmaarifa.com\\\/?s={search_term_string}\"},\"query-input\":{\"@type\":\"PropertyValueSpecification\",\"valueRequired\":true,\"valueName\":\"search_term_string\"}}],\"inLanguage\":\"fr-FR\"},{\"@type\":\"Organization\",\"@id\":\"https:\\\/\\\/fso.darelmaarifa.com\\\/#organization\",\"name\":\"FSO\",\"url\":\"https:\\\/\\\/fso.darelmaarifa.com\\\/\",\"logo\":{\"@type\":\"ImageObject\",\"inLanguage\":\"fr-FR\",\"@id\":\"https:\\\/\\\/fso.darelmaarifa.com\\\/#\\\/schema\\\/logo\\\/image\\\/\",\"url\":\"https:\\\/\\\/fso.darelmaarifa.com\\\/wp-content\\\/uploads\\\/2024\\\/05\\\/Logo-fso.png\",\"contentUrl\":\"https:\\\/\\\/fso.darelmaarifa.com\\\/wp-content\\\/uploads\\\/2024\\\/05\\\/Logo-fso.png\",\"width\":1080,\"height\":1080,\"caption\":\"FSO\"},\"image\":{\"@id\":\"https:\\\/\\\/fso.darelmaarifa.com\\\/#\\\/schema\\\/logo\\\/image\\\/\"},\"sameAs\":[\"https:\\\/\\\/www.facebook.com\\\/fso.ump.ma\\\/\"]}]}<\/script>\n<!-- \/ Yoast SEO plugin. -->","yoast_head_json":{"title":"Campus Connect\u00e9 - FSO","robots":{"index":"index","follow":"follow","max-snippet":"max-snippet:-1","max-image-preview":"max-image-preview:large","max-video-preview":"max-video-preview:-1"},"canonical":"https:\/\/fso.darelmaarifa.com\/?page_id=6880","og_locale":"fr_FR","og_type":"article","og_title":"Campus Connect\u00e9 - FSO","og_description":"Proc\u00e9dure de connexion au Wifi Campus Connect\u00e9 Suivre la proc\u00e9dure de connexion appropri\u00e9e, selon l\u2019appareil que vous utilisez : Connexion \u00e0 partir d\u2019un ordinateur Windows: 2. Connexion \u00e0 partir d\u2019un ordinateur Windows , d\u2019une fa\u00e7on automatique 3. Connexion \u00e0 partir d\u2019un ordinateur Mac OS: 4. Connexion \u00e0 partir d\u2019un t\u00e9l\u00e9phone portable Android: 5. Connexion \u00e0 [&hellip;]","og_url":"https:\/\/fso.darelmaarifa.com\/?page_id=6880","og_site_name":"FSO","article_publisher":"https:\/\/www.facebook.com\/fso.ump.ma\/","article_modified_time":"2024-06-06T16:29:42+00:00","og_image":[{"width":1200,"height":646,"url":"https:\/\/fso.darelmaarifa.com\/wp-content\/uploads\/2024\/05\/club-inox.jpg","type":"image\/jpeg"}],"twitter_card":"summary_large_image","twitter_misc":{"Dur\u00e9e de lecture estim\u00e9e":"1 minute"},"schema":{"@context":"https:\/\/schema.org","@graph":[{"@type":"WebPage","@id":"https:\/\/fso.darelmaarifa.com\/?page_id=6880","url":"https:\/\/fso.darelmaarifa.com\/?page_id=6880","name":"Campus Connect\u00e9 - FSO","isPartOf":{"@id":"https:\/\/fso.darelmaarifa.com\/#website"},"primaryImageOfPage":{"@id":"https:\/\/fso.darelmaarifa.com\/?page_id=6880#primaryimage"},"image":{"@id":"https:\/\/fso.darelmaarifa.com\/?page_id=6880#primaryimage"},"thumbnailUrl":"https:\/\/fso.darelmaarifa.com\/wp-content\/uploads\/2024\/05\/club-inox.jpg","datePublished":"2024-06-06T16:20:55+00:00","dateModified":"2024-06-06T16:29:42+00:00","breadcrumb":{"@id":"https:\/\/fso.darelmaarifa.com\/?page_id=6880#breadcrumb"},"inLanguage":"fr-FR","potentialAction":[{"@type":"ReadAction","target":["https:\/\/fso.darelmaarifa.com\/?page_id=6880"]}]},{"@type":"ImageObject","inLanguage":"fr-FR","@id":"https:\/\/fso.darelmaarifa.com\/?page_id=6880#primaryimage","url":"https:\/\/fso.darelmaarifa.com\/wp-content\/uploads\/2024\/05\/club-inox.jpg","contentUrl":"https:\/\/fso.darelmaarifa.com\/wp-content\/uploads\/2024\/05\/club-inox.jpg","width":1200,"height":646},{"@type":"BreadcrumbList","@id":"https:\/\/fso.darelmaarifa.com\/?page_id=6880#breadcrumb","itemListElement":[{"@type":"ListItem","position":1,"name":"Accueil","item":"https:\/\/fso.darelmaarifa.com\/"},{"@type":"ListItem","position":2,"name":"Campus Connect\u00e9"}]},{"@type":"WebSite","@id":"https:\/\/fso.darelmaarifa.com\/#website","url":"https:\/\/fso.darelmaarifa.com\/","name":"Facult\u00e9 des Sciences Oujda","description":"Facult\u00e9 des Sciences Oujda","publisher":{"@id":"https:\/\/fso.darelmaarifa.com\/#organization"},"potentialAction":[{"@type":"SearchAction","target":{"@type":"EntryPoint","urlTemplate":"https:\/\/fso.darelmaarifa.com\/?s={search_term_string}"},"query-input":{"@type":"PropertyValueSpecification","valueRequired":true,"valueName":"search_term_string"}}],"inLanguage":"fr-FR"},{"@type":"Organization","@id":"https:\/\/fso.darelmaarifa.com\/#organization","name":"FSO","url":"https:\/\/fso.darelmaarifa.com\/","logo":{"@type":"ImageObject","inLanguage":"fr-FR","@id":"https:\/\/fso.darelmaarifa.com\/#\/schema\/logo\/image\/","url":"https:\/\/fso.darelmaarifa.com\/wp-content\/uploads\/2024\/05\/Logo-fso.png","contentUrl":"https:\/\/fso.darelmaarifa.com\/wp-content\/uploads\/2024\/05\/Logo-fso.png","width":1080,"height":1080,"caption":"FSO"},"image":{"@id":"https:\/\/fso.darelmaarifa.com\/#\/schema\/logo\/image\/"},"sameAs":["https:\/\/www.facebook.com\/fso.ump.ma\/"]}]}},"publishpress_future_action":{"enabled":false,"date":"2026-04-22 15:36:52","action":"change-status","newStatus":"draft","terms":[],"taxonomy":"","extraData":[]},"publishpress_future_workflow_manual_trigger":{"enabledWorkflows":[]},"_links":{"self":[{"href":"https:\/\/fso.darelmaarifa.com\/index.php?rest_route=\/wp\/v2\/pages\/6880","targetHints":{"allow":["GET"]}}],"collection":[{"href":"https:\/\/fso.darelmaarifa.com\/index.php?rest_route=\/wp\/v2\/pages"}],"about":[{"href":"https:\/\/fso.darelmaarifa.com\/index.php?rest_route=\/wp\/v2\/types\/page"}],"author":[{"embeddable":true,"href":"https:\/\/fso.darelmaarifa.com\/index.php?rest_route=\/wp\/v2\/users\/1"}],"replies":[{"embeddable":true,"href":"https:\/\/fso.darelmaarifa.com\/index.php?rest_route=%2Fwp%2Fv2%2Fcomments&post=6880"}],"version-history":[{"count":14,"href":"https:\/\/fso.darelmaarifa.com\/index.php?rest_route=\/wp\/v2\/pages\/6880\/revisions"}],"predecessor-version":[{"id":6910,"href":"https:\/\/fso.darelmaarifa.com\/index.php?rest_route=\/wp\/v2\/pages\/6880\/revisions\/6910"}],"wp:featuredmedia":[{"embeddable":true,"href":"https:\/\/fso.darelmaarifa.com\/index.php?rest_route=\/wp\/v2\/media\/6074"}],"wp:attachment":[{"href":"https:\/\/fso.darelmaarifa.com\/index.php?rest_route=%2Fwp%2Fv2%2Fmedia&parent=6880"}],"curies":[{"name":"wp","href":"https:\/\/api.w.org\/{rel}","templated":true}]}}