{"id":6163,"date":"2024-05-27T00:56:06","date_gmt":"2024-05-26T23:56:06","guid":{"rendered":"https:\/\/fso.darelmaarifa.com\/?page_id=6163"},"modified":"2024-05-27T01:02:43","modified_gmt":"2024-05-27T00:02:43","slug":"conferences","status":"publish","type":"page","link":"https:\/\/fso.darelmaarifa.com\/?page_id=6163","title":{"rendered":"Conf\u00e9rences"},"content":{"rendered":"\t\t<div data-elementor-type=\"wp-page\" data-elementor-id=\"6163\" class=\"elementor elementor-6163\" data-elementor-post-type=\"page\">\n\t\t\t\t\t\t<section class=\"elementor-section elementor-top-section elementor-element elementor-element-b72b89d elementor-section-boxed elementor-section-height-default elementor-section-height-default\" data-id=\"b72b89d\" data-element_type=\"section\" data-e-type=\"section\">\n\t\t\t\t\t\t<div class=\"elementor-container elementor-column-gap-default\">\n\t\t\t\t\t<div class=\"elementor-column elementor-col-33 elementor-top-column elementor-element elementor-element-c935efa\" data-id=\"c935efa\" data-element_type=\"column\" data-e-type=\"column\">\n\t\t\t<div class=\"elementor-widget-wrap\">\n\t\t\t\t\t\t\t<\/div>\n\t\t<\/div>\n\t\t\t\t<div class=\"elementor-column elementor-col-33 elementor-top-column elementor-element elementor-element-2597eee\" data-id=\"2597eee\" data-element_type=\"column\" data-e-type=\"column\">\n\t\t\t<div class=\"elementor-widget-wrap elementor-element-populated\">\n\t\t\t\t\t\t<div class=\"elementor-element elementor-element-5694e2c elementor-widget elementor-widget-heading\" data-id=\"5694e2c\" data-element_type=\"widget\" data-e-type=\"widget\" data-settings=\"{&quot;ekit_we_effect_on&quot;:&quot;none&quot;}\" data-widget_type=\"heading.default\">\n\t\t\t\t<div class=\"elementor-widget-container\">\n\t\t\t\t\t<h2 class=\"elementor-heading-title elementor-size-default\">Nos \n<\/h2>\t\t\t\t<\/div>\n\t\t\t\t<\/div>\n\t\t\t\t<div class=\"elementor-element elementor-element-a31946b elementor-widget elementor-widget-heading\" data-id=\"a31946b\" data-element_type=\"widget\" data-e-type=\"widget\" data-settings=\"{&quot;ekit_we_effect_on&quot;:&quot;none&quot;}\" data-widget_type=\"heading.default\">\n\t\t\t\t<div class=\"elementor-widget-container\">\n\t\t\t\t\t<h2 class=\"elementor-heading-title elementor-size-default\">Conf\u00e9rences<\/h2>\t\t\t\t<\/div>\n\t\t\t\t<\/div>\n\t\t\t\t\t<\/div>\n\t\t<\/div>\n\t\t\t\t<div class=\"elementor-column elementor-col-33 elementor-top-column elementor-element elementor-element-b244336\" data-id=\"b244336\" data-element_type=\"column\" data-e-type=\"column\">\n\t\t\t<div class=\"elementor-widget-wrap\">\n\t\t\t\t\t\t\t<\/div>\n\t\t<\/div>\n\t\t\t\t\t<\/div>\n\t\t<\/section>\n\t\t\t\t<section class=\"elementor-section elementor-top-section elementor-element elementor-element-0208ff1 elementor-section-stretched elementor-section-boxed elementor-section-height-default elementor-section-height-default\" data-id=\"0208ff1\" data-element_type=\"section\" data-e-type=\"section\" data-settings=\"{&quot;stretch_section&quot;:&quot;section-stretched&quot;}\">\n\t\t\t\t\t\t<div class=\"elementor-container elementor-column-gap-default\">\n\t\t\t\t\t<div class=\"elementor-column elementor-col-100 elementor-top-column elementor-element elementor-element-9f065fe\" data-id=\"9f065fe\" data-element_type=\"column\" data-e-type=\"column\">\n\t\t\t<div class=\"elementor-widget-wrap elementor-element-populated\">\n\t\t\t\t\t\t<div class=\"elementor-element elementor-element-104a8ae elementor-widget elementor-widget-etn-event\" data-id=\"104a8ae\" data-element_type=\"widget\" data-e-type=\"widget\" data-settings=\"{&quot;ekit_we_effect_on&quot;:&quot;none&quot;}\" data-widget_type=\"etn-event.default\">\n\t\t\t\t<div class=\"elementor-widget-container\">\n\t\t\t\t\t<div class='etn-row etn-event-wrapper'>\n        <div class=\"etn-col-md-6 etn-col-lg-4\">\n        <div class=\"etn-event-item\">\n            <!-- thumbnail -->\n            <div class=\"etn-event-thumb\">\n                                    <a\n                        href=\"https:\/\/fso.darelmaarifa.com\/?etn=conference-sur-laquaculture\"\n                        aria-label=\"Conf\u00e9rences\"\n                    >\n                        <img fetchpriority=\"high\" decoding=\"async\" width=\"800\" height=\"441\" src=\"https:\/\/fso.darelmaarifa.com\/wp-content\/uploads\/2024\/05\/21-1024x564.jpg\" class=\"attachment-large size-large wp-post-image default-featured-img\" alt=\"\" srcset=\"https:\/\/fso.darelmaarifa.com\/wp-content\/uploads\/2024\/05\/21-1024x564.jpg 1024w, https:\/\/fso.darelmaarifa.com\/wp-content\/uploads\/2024\/05\/21-300x165.jpg 300w, https:\/\/fso.darelmaarifa.com\/wp-content\/uploads\/2024\/05\/21-768x423.jpg 768w, https:\/\/fso.darelmaarifa.com\/wp-content\/uploads\/2024\/05\/21.jpg 1090w\" sizes=\"(max-width: 800px) 100vw, 800px\" \/>                    <\/a>\n                \n                <div class=\"etn-event-category\">\n                    <span>Conf\u00e9rences<\/span>                 <\/div>\n                            <\/div>\n            <!-- thumbnail start-->\n\n            <!-- content start-->\n            <div class=\"etn-event-content\">\n                                    \n                \n                <h3 class=\"etn-title etn-event-title\"><a href=\"https:\/\/fso.darelmaarifa.com\/?etn=conference-sur-laquaculture\">\n                    Conf\u00e9rence sur l\u2019aquaculture<\/a>\n                <\/h3>\n                                    <p>\n                        Une conf\u00e9rence sur l\u2019aquaculture sera donn\u00e9e par Monsieur Jamal El Kasmi, cadre sp\u00e9cialis\u00e9 en aquaculture ayant exerc\u00e9 dans plusieurs soci\u00e9t\u00e9s                    <\/p>\n                \n                <div class=\"etn-event-footer\">\n                    <div class=\"etn-event-date\">\n                        \t\t\t<span>\n\t\t\t\t<i class=\"etn-icon etn-calendar\"><\/i>\n\t\t\t\tavril 25, 2024\t\t\t<\/span>\n\t\t                    <\/div>\n                    <div class=\"etn-atend-btn\">\n                                                <a href=\"https:\/\/fso.darelmaarifa.com\/?etn=conference-sur-laquaculture\" class=\"etn-btn etn-btn-border\"\n                            title=\"Conf\u00e9rence sur l\u2019aquaculture\">Attend                            <i class=\"etn-icon etm-arrow-right\"><\/i><\/a>\n                                            <\/div>\n                <\/div>\n            <\/div>\n                        <!-- content end-->\n        <\/div>\n        <!-- etn event item end-->\n    <\/div>\n        <div class=\"etn-col-md-6 etn-col-lg-4\">\n        <div class=\"etn-event-item\">\n            <!-- thumbnail -->\n            <div class=\"etn-event-thumb\">\n                                    <a\n                        href=\"https:\/\/fso.darelmaarifa.com\/?etn=conference-reflexions-sur-levaluation-pedagogique\"\n                        aria-label=\"Conf\u00e9rences\"\n                    >\n                        <img decoding=\"async\" width=\"800\" height=\"441\" src=\"https:\/\/fso.darelmaarifa.com\/wp-content\/uploads\/2024\/05\/16-1-1024x564.jpg\" class=\"attachment-large size-large wp-post-image\" alt=\"\" srcset=\"https:\/\/fso.darelmaarifa.com\/wp-content\/uploads\/2024\/05\/16-1-1024x564.jpg 1024w, https:\/\/fso.darelmaarifa.com\/wp-content\/uploads\/2024\/05\/16-1-300x165.jpg 300w, https:\/\/fso.darelmaarifa.com\/wp-content\/uploads\/2024\/05\/16-1-768x423.jpg 768w, https:\/\/fso.darelmaarifa.com\/wp-content\/uploads\/2024\/05\/16-1.jpg 1090w\" sizes=\"(max-width: 800px) 100vw, 800px\" \/>                    <\/a>\n                \n                <div class=\"etn-event-category\">\n                    <span>Conf\u00e9rences<\/span> <span>\u00c9ducation et formation<\/span>                 <\/div>\n                            <\/div>\n            <!-- thumbnail start-->\n\n            <!-- content start-->\n            <div class=\"etn-event-content\">\n                                    \n                \n                <h3 class=\"etn-title etn-event-title\"><a href=\"https:\/\/fso.darelmaarifa.com\/?etn=conference-reflexions-sur-levaluation-pedagogique\">\n                    Conf\u00e9rence : R\u00e9flexions sur l\u2019\u00e9valuation p\u00e9dagogique.<\/a>\n                <\/h3>\n                                    <p>\n                        Description Influential media, entertainment &amp; technology show inspirational speakers including game changing not just a large-scale conference, but a large                    <\/p>\n                \n                <div class=\"etn-event-footer\">\n                    <div class=\"etn-event-date\">\n                        \t\t\t<span>\n\t\t\t\t<i class=\"etn-icon etn-calendar\"><\/i>\n\t\t\t\toctobre 1, 2026\t\t\t<\/span>\n\t\t                    <\/div>\n                    <div class=\"etn-atend-btn\">\n                                                <a href=\"https:\/\/fso.darelmaarifa.com\/?etn=conference-reflexions-sur-levaluation-pedagogique\" class=\"etn-btn etn-btn-border\"\n                            title=\"Conf\u00e9rence : R\u00e9flexions sur l\u2019\u00e9valuation p\u00e9dagogique.\">Attend                            <i class=\"etn-icon etm-arrow-right\"><\/i><\/a>\n                                            <\/div>\n                <\/div>\n            <\/div>\n                        <!-- content end-->\n        <\/div>\n        <!-- etn event item end-->\n    <\/div>\n    <\/div>\n\n\t\t\t\t<\/div>\n\t\t\t\t<\/div>\n\t\t\t\t\t<\/div>\n\t\t<\/div>\n\t\t\t\t\t<\/div>\n\t\t<\/section>\n\t\t\t\t<\/div>\n\t\t","protected":false},"excerpt":{"rendered":"<p>Nos Conf\u00e9rences Conf\u00e9rences Conf\u00e9rence sur l\u2019aquaculture Une conf\u00e9rence sur l\u2019aquaculture sera donn\u00e9e par Monsieur Jamal El Kasmi, cadre sp\u00e9cialis\u00e9 en aquaculture ayant exerc\u00e9 dans plusieurs soci\u00e9t\u00e9s avril 25, 2024 Expired! Conf\u00e9rences \u00c9ducation et formation Conf\u00e9rence : R\u00e9flexions sur l&#8217;\u00e9valuation p\u00e9dagogique Description Influential media, entertainment &amp; technology show inspirational speakers including game changing not just a [&hellip;]<\/p>\n","protected":false},"author":1,"featured_media":4411,"parent":0,"menu_order":0,"comment_status":"closed","ping_status":"closed","template":"template\/full-width-template.php","meta":{"_acf_changed":false,"inline_featured_image":false,"footnotes":""},"class_list":["post-6163","page","type-page","status-publish","has-post-thumbnail","hentry"],"acf":[],"yoast_head":"<!-- This site is optimized with the Yoast SEO plugin v27.3 - https:\/\/yoast.com\/product\/yoast-seo-wordpress\/ -->\n<title>Conf\u00e9rences - FSO<\/title>\n<meta name=\"robots\" content=\"index, follow, max-snippet:-1, max-image-preview:large, max-video-preview:-1\" \/>\n<link rel=\"canonical\" href=\"https:\/\/fso.darelmaarifa.com\/?page_id=6163\" \/>\n<meta property=\"og:locale\" content=\"fr_FR\" \/>\n<meta property=\"og:type\" content=\"article\" \/>\n<meta property=\"og:title\" content=\"Conf\u00e9rences - FSO\" \/>\n<meta property=\"og:description\" content=\"Nos Conf\u00e9rences Conf\u00e9rences Conf\u00e9rence sur l\u2019aquaculture Une conf\u00e9rence sur l\u2019aquaculture sera donn\u00e9e par Monsieur Jamal El Kasmi, cadre sp\u00e9cialis\u00e9 en aquaculture ayant exerc\u00e9 dans plusieurs soci\u00e9t\u00e9s avril 25, 2024 Expired! Conf\u00e9rences \u00c9ducation et formation Conf\u00e9rence : R\u00e9flexions sur l&#8217;\u00e9valuation p\u00e9dagogique Description Influential media, entertainment &amp; technology show inspirational speakers including game changing not just a [&hellip;]\" \/>\n<meta property=\"og:url\" content=\"https:\/\/fso.darelmaarifa.com\/?page_id=6163\" \/>\n<meta property=\"og:site_name\" content=\"FSO\" \/>\n<meta property=\"article:publisher\" content=\"https:\/\/www.facebook.com\/fso.ump.ma\/\" \/>\n<meta property=\"article:modified_time\" content=\"2024-05-27T00:02:43+00:00\" \/>\n<meta property=\"og:image\" content=\"https:\/\/fso.darelmaarifa.com\/wp-content\/uploads\/2024\/05\/21-1024x564.jpg\" \/>\n<meta name=\"twitter:card\" content=\"summary_large_image\" \/>\n<meta name=\"twitter:label1\" content=\"Dur\u00e9e de lecture estim\u00e9e\" \/>\n\t<meta name=\"twitter:data1\" content=\"1 minute\" \/>\n<script type=\"application\/ld+json\" class=\"yoast-schema-graph\">{\"@context\":\"https:\\\/\\\/schema.org\",\"@graph\":[{\"@type\":\"WebPage\",\"@id\":\"https:\\\/\\\/fso.darelmaarifa.com\\\/?page_id=6163\",\"url\":\"https:\\\/\\\/fso.darelmaarifa.com\\\/?page_id=6163\",\"name\":\"Conf\u00e9rences - FSO\",\"isPartOf\":{\"@id\":\"https:\\\/\\\/fso.darelmaarifa.com\\\/#website\"},\"primaryImageOfPage\":{\"@id\":\"https:\\\/\\\/fso.darelmaarifa.com\\\/?page_id=6163#primaryimage\"},\"image\":{\"@id\":\"https:\\\/\\\/fso.darelmaarifa.com\\\/?page_id=6163#primaryimage\"},\"thumbnailUrl\":\"https:\\\/\\\/fso.darelmaarifa.com\\\/wp-content\\\/uploads\\\/2024\\\/05\\\/21.jpg\",\"datePublished\":\"2024-05-26T23:56:06+00:00\",\"dateModified\":\"2024-05-27T00:02:43+00:00\",\"breadcrumb\":{\"@id\":\"https:\\\/\\\/fso.darelmaarifa.com\\\/?page_id=6163#breadcrumb\"},\"inLanguage\":\"fr-FR\",\"potentialAction\":[{\"@type\":\"ReadAction\",\"target\":[\"https:\\\/\\\/fso.darelmaarifa.com\\\/?page_id=6163\"]}]},{\"@type\":\"ImageObject\",\"inLanguage\":\"fr-FR\",\"@id\":\"https:\\\/\\\/fso.darelmaarifa.com\\\/?page_id=6163#primaryimage\",\"url\":\"https:\\\/\\\/fso.darelmaarifa.com\\\/wp-content\\\/uploads\\\/2024\\\/05\\\/21.jpg\",\"contentUrl\":\"https:\\\/\\\/fso.darelmaarifa.com\\\/wp-content\\\/uploads\\\/2024\\\/05\\\/21.jpg\",\"width\":1090,\"height\":600},{\"@type\":\"BreadcrumbList\",\"@id\":\"https:\\\/\\\/fso.darelmaarifa.com\\\/?page_id=6163#breadcrumb\",\"itemListElement\":[{\"@type\":\"ListItem\",\"position\":1,\"name\":\"Accueil\",\"item\":\"https:\\\/\\\/fso.darelmaarifa.com\\\/\"},{\"@type\":\"ListItem\",\"position\":2,\"name\":\"Conf\u00e9rences\"}]},{\"@type\":\"WebSite\",\"@id\":\"https:\\\/\\\/fso.darelmaarifa.com\\\/#website\",\"url\":\"https:\\\/\\\/fso.darelmaarifa.com\\\/\",\"name\":\"Facult\u00e9 des Sciences Oujda\",\"description\":\"Facult\u00e9 des Sciences Oujda\",\"publisher\":{\"@id\":\"https:\\\/\\\/fso.darelmaarifa.com\\\/#organization\"},\"potentialAction\":[{\"@type\":\"SearchAction\",\"target\":{\"@type\":\"EntryPoint\",\"urlTemplate\":\"https:\\\/\\\/fso.darelmaarifa.com\\\/?s={search_term_string}\"},\"query-input\":{\"@type\":\"PropertyValueSpecification\",\"valueRequired\":true,\"valueName\":\"search_term_string\"}}],\"inLanguage\":\"fr-FR\"},{\"@type\":\"Organization\",\"@id\":\"https:\\\/\\\/fso.darelmaarifa.com\\\/#organization\",\"name\":\"FSO\",\"url\":\"https:\\\/\\\/fso.darelmaarifa.com\\\/\",\"logo\":{\"@type\":\"ImageObject\",\"inLanguage\":\"fr-FR\",\"@id\":\"https:\\\/\\\/fso.darelmaarifa.com\\\/#\\\/schema\\\/logo\\\/image\\\/\",\"url\":\"https:\\\/\\\/fso.darelmaarifa.com\\\/wp-content\\\/uploads\\\/2024\\\/05\\\/Logo-fso.png\",\"contentUrl\":\"https:\\\/\\\/fso.darelmaarifa.com\\\/wp-content\\\/uploads\\\/2024\\\/05\\\/Logo-fso.png\",\"width\":1080,\"height\":1080,\"caption\":\"FSO\"},\"image\":{\"@id\":\"https:\\\/\\\/fso.darelmaarifa.com\\\/#\\\/schema\\\/logo\\\/image\\\/\"},\"sameAs\":[\"https:\\\/\\\/www.facebook.com\\\/fso.ump.ma\\\/\"]}]}<\/script>\n<!-- \/ Yoast SEO plugin. -->","yoast_head_json":{"title":"Conf\u00e9rences - FSO","robots":{"index":"index","follow":"follow","max-snippet":"max-snippet:-1","max-image-preview":"max-image-preview:large","max-video-preview":"max-video-preview:-1"},"canonical":"https:\/\/fso.darelmaarifa.com\/?page_id=6163","og_locale":"fr_FR","og_type":"article","og_title":"Conf\u00e9rences - FSO","og_description":"Nos Conf\u00e9rences Conf\u00e9rences Conf\u00e9rence sur l\u2019aquaculture Une conf\u00e9rence sur l\u2019aquaculture sera donn\u00e9e par Monsieur Jamal El Kasmi, cadre sp\u00e9cialis\u00e9 en aquaculture ayant exerc\u00e9 dans plusieurs soci\u00e9t\u00e9s avril 25, 2024 Expired! Conf\u00e9rences \u00c9ducation et formation Conf\u00e9rence : R\u00e9flexions sur l&#8217;\u00e9valuation p\u00e9dagogique Description Influential media, entertainment &amp; technology show inspirational speakers including game changing not just a [&hellip;]","og_url":"https:\/\/fso.darelmaarifa.com\/?page_id=6163","og_site_name":"FSO","article_publisher":"https:\/\/www.facebook.com\/fso.ump.ma\/","article_modified_time":"2024-05-27T00:02:43+00:00","og_image":[{"url":"https:\/\/fso.darelmaarifa.com\/wp-content\/uploads\/2024\/05\/21-1024x564.jpg","type":"","width":"","height":""}],"twitter_card":"summary_large_image","twitter_misc":{"Dur\u00e9e de lecture estim\u00e9e":"1 minute"},"schema":{"@context":"https:\/\/schema.org","@graph":[{"@type":"WebPage","@id":"https:\/\/fso.darelmaarifa.com\/?page_id=6163","url":"https:\/\/fso.darelmaarifa.com\/?page_id=6163","name":"Conf\u00e9rences - FSO","isPartOf":{"@id":"https:\/\/fso.darelmaarifa.com\/#website"},"primaryImageOfPage":{"@id":"https:\/\/fso.darelmaarifa.com\/?page_id=6163#primaryimage"},"image":{"@id":"https:\/\/fso.darelmaarifa.com\/?page_id=6163#primaryimage"},"thumbnailUrl":"https:\/\/fso.darelmaarifa.com\/wp-content\/uploads\/2024\/05\/21.jpg","datePublished":"2024-05-26T23:56:06+00:00","dateModified":"2024-05-27T00:02:43+00:00","breadcrumb":{"@id":"https:\/\/fso.darelmaarifa.com\/?page_id=6163#breadcrumb"},"inLanguage":"fr-FR","potentialAction":[{"@type":"ReadAction","target":["https:\/\/fso.darelmaarifa.com\/?page_id=6163"]}]},{"@type":"ImageObject","inLanguage":"fr-FR","@id":"https:\/\/fso.darelmaarifa.com\/?page_id=6163#primaryimage","url":"https:\/\/fso.darelmaarifa.com\/wp-content\/uploads\/2024\/05\/21.jpg","contentUrl":"https:\/\/fso.darelmaarifa.com\/wp-content\/uploads\/2024\/05\/21.jpg","width":1090,"height":600},{"@type":"BreadcrumbList","@id":"https:\/\/fso.darelmaarifa.com\/?page_id=6163#breadcrumb","itemListElement":[{"@type":"ListItem","position":1,"name":"Accueil","item":"https:\/\/fso.darelmaarifa.com\/"},{"@type":"ListItem","position":2,"name":"Conf\u00e9rences"}]},{"@type":"WebSite","@id":"https:\/\/fso.darelmaarifa.com\/#website","url":"https:\/\/fso.darelmaarifa.com\/","name":"Facult\u00e9 des Sciences Oujda","description":"Facult\u00e9 des Sciences Oujda","publisher":{"@id":"https:\/\/fso.darelmaarifa.com\/#organization"},"potentialAction":[{"@type":"SearchAction","target":{"@type":"EntryPoint","urlTemplate":"https:\/\/fso.darelmaarifa.com\/?s={search_term_string}"},"query-input":{"@type":"PropertyValueSpecification","valueRequired":true,"valueName":"search_term_string"}}],"inLanguage":"fr-FR"},{"@type":"Organization","@id":"https:\/\/fso.darelmaarifa.com\/#organization","name":"FSO","url":"https:\/\/fso.darelmaarifa.com\/","logo":{"@type":"ImageObject","inLanguage":"fr-FR","@id":"https:\/\/fso.darelmaarifa.com\/#\/schema\/logo\/image\/","url":"https:\/\/fso.darelmaarifa.com\/wp-content\/uploads\/2024\/05\/Logo-fso.png","contentUrl":"https:\/\/fso.darelmaarifa.com\/wp-content\/uploads\/2024\/05\/Logo-fso.png","width":1080,"height":1080,"caption":"FSO"},"image":{"@id":"https:\/\/fso.darelmaarifa.com\/#\/schema\/logo\/image\/"},"sameAs":["https:\/\/www.facebook.com\/fso.ump.ma\/"]}]}},"publishpress_future_action":{"enabled":false,"date":"2026-04-22 15:38:17","action":"change-status","newStatus":"draft","terms":[],"taxonomy":"","extraData":[]},"publishpress_future_workflow_manual_trigger":{"enabledWorkflows":[]},"_links":{"self":[{"href":"https:\/\/fso.darelmaarifa.com\/index.php?rest_route=\/wp\/v2\/pages\/6163","targetHints":{"allow":["GET"]}}],"collection":[{"href":"https:\/\/fso.darelmaarifa.com\/index.php?rest_route=\/wp\/v2\/pages"}],"about":[{"href":"https:\/\/fso.darelmaarifa.com\/index.php?rest_route=\/wp\/v2\/types\/page"}],"author":[{"embeddable":true,"href":"https:\/\/fso.darelmaarifa.com\/index.php?rest_route=\/wp\/v2\/users\/1"}],"replies":[{"embeddable":true,"href":"https:\/\/fso.darelmaarifa.com\/index.php?rest_route=%2Fwp%2Fv2%2Fcomments&post=6163"}],"version-history":[{"count":11,"href":"https:\/\/fso.darelmaarifa.com\/index.php?rest_route=\/wp\/v2\/pages\/6163\/revisions"}],"predecessor-version":[{"id":6175,"href":"https:\/\/fso.darelmaarifa.com\/index.php?rest_route=\/wp\/v2\/pages\/6163\/revisions\/6175"}],"wp:featuredmedia":[{"embeddable":true,"href":"https:\/\/fso.darelmaarifa.com\/index.php?rest_route=\/wp\/v2\/media\/4411"}],"wp:attachment":[{"href":"https:\/\/fso.darelmaarifa.com\/index.php?rest_route=%2Fwp%2Fv2%2Fmedia&parent=6163"}],"curies":[{"name":"wp","href":"https:\/\/api.w.org\/{rel}","templated":true}]}}