{"id":4420,"date":"2024-05-20T15:43:48","date_gmt":"2024-05-20T15:43:48","guid":{"rendered":"https:\/\/fso.darelmaarifa.com\/?page_id=4420"},"modified":"2026-04-13T10:35:09","modified_gmt":"2026-04-13T09:35:09","slug":"mot-du-doyen","status":"publish","type":"page","link":"https:\/\/fso.darelmaarifa.com\/?page_id=4420","title":{"rendered":"Mot du doyen"},"content":{"rendered":"\t\t<div data-elementor-type=\"wp-page\" data-elementor-id=\"4420\" class=\"elementor elementor-4420\" data-elementor-post-type=\"page\">\n\t\t\t\t\t\t<section class=\"elementor-section elementor-top-section elementor-element elementor-element-57a96721 elementor-section-boxed elementor-section-height-default elementor-section-height-default\" data-id=\"57a96721\" data-element_type=\"section\" data-e-type=\"section\" data-settings=\"{&quot;background_background&quot;:&quot;classic&quot;}\">\n\t\t\t\t\t\t<div class=\"elementor-container elementor-column-gap-default\">\n\t\t\t\t\t<div class=\"elementor-column elementor-col-100 elementor-top-column elementor-element elementor-element-4802aa43\" data-id=\"4802aa43\" data-element_type=\"column\" data-e-type=\"column\">\n\t\t\t<div class=\"elementor-widget-wrap elementor-element-populated\">\n\t\t\t\t\t\t<div class=\"elementor-element elementor-element-1ef21776 elementor-widget elementor-widget-exhibz-title\" data-id=\"1ef21776\" data-element_type=\"widget\" data-e-type=\"widget\" data-settings=\"{&quot;ekit_we_effect_on&quot;:&quot;none&quot;}\" data-widget_type=\"exhibz-title.default\">\n\t\t\t\t<div class=\"elementor-widget-container\">\n\t\t\t\t\t\n    <div class=\"title-section-area\">\n        <h2 class=\"section-title\">\n            <span class=\"sub-title\">Mot du <\/span>\n\t\t\tM. E B Maarouf\n        <\/h2>\n\t\t                    <\/div><!-- Section title -->\n    \n    \n\n    \t\t\t\t<\/div>\n\t\t\t\t<\/div>\n\t\t\t\t<div class=\"elementor-element elementor-element-11b60726 elementor-widget elementor-widget-heading\" data-id=\"11b60726\" data-element_type=\"widget\" data-e-type=\"widget\" data-settings=\"{&quot;ekit_we_effect_on&quot;:&quot;none&quot;}\" data-widget_type=\"heading.default\">\n\t\t\t\t<div class=\"elementor-widget-container\">\n\t\t\t\t\t<h2 class=\"elementor-heading-title elementor-size-default\">Doyen de la Facult\u00e9 des Sciences d\u2019Oujda<\/h2>\t\t\t\t<\/div>\n\t\t\t\t<\/div>\n\t\t\t\t\t<\/div>\n\t\t<\/div>\n\t\t\t\t\t<\/div>\n\t\t<\/section>\n\t\t\t\t<section class=\"elementor-section elementor-top-section elementor-element elementor-element-31bcbbeb elementor-section-boxed elementor-section-height-default elementor-section-height-default\" data-id=\"31bcbbeb\" data-element_type=\"section\" data-e-type=\"section\">\n\t\t\t\t\t\t<div class=\"elementor-container elementor-column-gap-default\">\n\t\t\t\t\t<div class=\"elementor-column elementor-col-50 elementor-top-column elementor-element elementor-element-ddda18\" data-id=\"ddda18\" data-element_type=\"column\" data-e-type=\"column\">\n\t\t\t<div class=\"elementor-widget-wrap elementor-element-populated\">\n\t\t\t\t\t\t<div class=\"elementor-element elementor-element-101a6132 elementor-widget elementor-widget-text-editor\" data-id=\"101a6132\" data-element_type=\"widget\" data-e-type=\"widget\" data-settings=\"{&quot;ekit_we_effect_on&quot;:&quot;none&quot;}\" data-widget_type=\"text-editor.default\">\n\t\t\t\t<div class=\"elementor-widget-container\">\n\t\t\t\t\t\t\t\t\t<p>La Facult\u00e9 des sciences d\u2019Oujda, FSO, est l\u2019un des principaux \u00e9tablissements de l\u2019Universit\u00e9 Mohamed Premier, UMP. Elle a \u00e9t\u00e9 cr\u00e9\u00e9e le 18 Avril 1979.<\/p><p>Avec quarante-six ans d\u2019exp\u00e9rience et de cumul, la FSO, est une facult\u00e9 productrice et motrice du savoir et de la recherche scientifique. C\u2019est un v\u00e9ritable espace d\u2019innovation.<\/p><p>La FSO que nous poss\u00e9dons aujourd\u2019hui, ce fleuron de l\u2019UMP et de toute la r\u00e9gion de l\u2019oriental du royaume, est le fruit des efforts, qui ont \u00e9t\u00e9 fournis tout au long de son histoire de la part : des Recteurs et des Pr\u00e9sidents de l\u2019UMP, des \u00e9quipes d\u00e9canales de la FSO, du personnel de l\u2019administration et des services, des chefs de d\u00e9partements, du corps professoral<\/p><p>La volont\u00e9, dont est tiss\u00e9e la trame de notre projet, est une volont\u00e9 citoyenne qui cherche \u00e0 apporter humblement une pierre, peut \u00eatre particuli\u00e8re mais probablement utile, \u00e0 cet \u00e9difice qui nous est tr\u00e8s cher : La FSO.<\/p><p>Le d\u00e9fi auquel nous voudrions faire face aujourd\u2019hui est d\u2019assurer le d\u00e9veloppement de l\u2019enseignement dans un environnement dynamique avec une exigence sociale de plus en plus forte. Pour y arriver, il faudrait placer l\u2019\u00e9tudiant et ses besoins au centre des efforts d\u00e9ploy\u00e9s. Ce chantier doit \u00eatre amorc\u00e9 par la mise en place d\u2019une d\u00e9marche participative inclusive et transparente avec toute la communaut\u00e9 de la FSO, ce qui permettra \u00e0 chacun d\u2019\u00e9voluer, de s\u2019\u00e9panouir et de contribuer efficacement au rayonnement de la FSO.<\/p><p>Nous consid\u00e9rons que l\u2019av\u00e8nement d\u2019une culture de qualification oblige la facult\u00e9 \u00e0 se mettre \u00e0 l\u2019\u00e9coute rapproch\u00e9e et attentive de la soci\u00e9t\u00e9 et, par cons\u00e9quent, \u00e0 satisfaire l\u2019imp\u00e9ratif d\u2019ad\u00e9quation formation \/ emploi en accordant l\u2019importance n\u00e9cessaire \u00e0 l\u2019int\u00e9gration des fili\u00e8res professionnelles \u00e0 forte employabilit\u00e9 et le d\u00e9veloppement d\u2019une recherche qui r\u00e9pond le mieux \u00e0 nos besoins. Cette nouvelle r\u00e9alit\u00e9 impose une \u00e9volution dans les mentalit\u00e9s et un changement de culture et de comportement pour mieux comprendre et accompagner les grandes mutations que conna\u00eet notre soci\u00e9t\u00e9.<\/p><p>En effet, une bonne perception de la part des diff\u00e9rents acteurs acad\u00e9miques de l\u2019\u00e9volution qui s\u2019op\u00e8re, est \u00e0 la base de toute prosp\u00e9rit\u00e9 et de tout d\u00e9veloppement durable. En outre, un large processus de dialogue et de concertation, s\u2019appuyant sur des principes qui sont bien ancr\u00e9s dans notre facult\u00e9, rev\u00eat une importance primordiale aussi bien pour la r\u00e9ussite simultan\u00e9e de la facult\u00e9 que pour l\u2019installation d\u2019un climat de confiance favorisant les conditions de cr\u00e9ativit\u00e9 et d\u2019innovation.<\/p><p>En plus du cursus r\u00e9gulier, la FSO doit saisir toutes les opportunit\u00e9s (\u00e9valuation de la formation, certifications, culture entrepreneuriale, soft-skills., digital-skills,etc.) qui permettront aux \u00e9tudiants d\u2019acqu\u00e9rir les comp\u00e9tences requises susceptibles de les aider \u00e0 tirer profit des opportunit\u00e9s offertes par le march\u00e9 de l\u2019emploi.<\/p><p>\u00a0<\/p>\t\t\t\t\t\t\t\t<\/div>\n\t\t\t\t<\/div>\n\t\t\t\t\t<\/div>\n\t\t<\/div>\n\t\t\t\t<div class=\"elementor-column elementor-col-50 elementor-top-column elementor-element elementor-element-4cd4f5d\" data-id=\"4cd4f5d\" data-element_type=\"column\" data-e-type=\"column\">\n\t\t\t<div class=\"elementor-widget-wrap elementor-element-populated\">\n\t\t\t\t\t\t<section class=\"elementor-section elementor-inner-section elementor-element elementor-element-1cdbe14b elementor-section-boxed elementor-section-height-default elementor-section-height-default\" data-id=\"1cdbe14b\" data-element_type=\"section\" data-e-type=\"section\">\n\t\t\t\t\t\t<div class=\"elementor-container elementor-column-gap-default\">\n\t\t\t\t\t<div class=\"elementor-column elementor-col-100 elementor-inner-column elementor-element elementor-element-1a43bc53\" data-id=\"1a43bc53\" data-element_type=\"column\" data-e-type=\"column\">\n\t\t\t<div class=\"elementor-widget-wrap elementor-element-populated\">\n\t\t\t\t\t\t<div class=\"elementor-element elementor-element-5c134c26 elementor-widget elementor-widget-image\" data-id=\"5c134c26\" data-element_type=\"widget\" data-e-type=\"widget\" data-settings=\"{&quot;ekit_we_effect_on&quot;:&quot;none&quot;}\" data-widget_type=\"image.default\">\n\t\t\t\t<div class=\"elementor-widget-container\">\n\t\t\t\t\t\t\t\t\t\t\t\t\t\t\t<img fetchpriority=\"high\" decoding=\"async\" width=\"960\" height=\"1280\" src=\"https:\/\/fso.darelmaarifa.com\/wp-content\/uploads\/2026\/04\/67daadf460f38.jpg\" class=\"elementor-animation-grow attachment-full size-full wp-image-7433\" alt=\"\" srcset=\"https:\/\/fso.darelmaarifa.com\/wp-content\/uploads\/2026\/04\/67daadf460f38.jpg 960w, https:\/\/fso.darelmaarifa.com\/wp-content\/uploads\/2026\/04\/67daadf460f38-225x300.jpg 225w, https:\/\/fso.darelmaarifa.com\/wp-content\/uploads\/2026\/04\/67daadf460f38-768x1024.jpg 768w\" sizes=\"(max-width: 960px) 100vw, 960px\" \/>\t\t\t\t\t\t\t\t\t\t\t\t\t\t\t<\/div>\n\t\t\t\t<\/div>\n\t\t\t\t\t<\/div>\n\t\t<\/div>\n\t\t\t\t\t<\/div>\n\t\t<\/section>\n\t\t\t\t<section class=\"elementor-section elementor-inner-section elementor-element elementor-element-39e9a091 elementor-section-boxed elementor-section-height-default elementor-section-height-default\" data-id=\"39e9a091\" data-element_type=\"section\" data-e-type=\"section\">\n\t\t\t\t\t\t<div class=\"elementor-container elementor-column-gap-default\">\n\t\t\t\t\t<div class=\"elementor-column elementor-col-100 elementor-inner-column elementor-element elementor-element-674eabd2\" data-id=\"674eabd2\" data-element_type=\"column\" data-e-type=\"column\">\n\t\t\t<div class=\"elementor-widget-wrap elementor-element-populated\">\n\t\t\t\t\t\t<div class=\"elementor-element elementor-element-2a3442a1 elementor-widget elementor-widget-text-editor\" data-id=\"2a3442a1\" data-element_type=\"widget\" data-e-type=\"widget\" data-settings=\"{&quot;ekit_we_effect_on&quot;:&quot;none&quot;}\" data-widget_type=\"text-editor.default\">\n\t\t\t\t<div class=\"elementor-widget-container\">\n\t\t\t\t\t\t\t\t\t<p>Pour faire face aux grands enjeux li\u00e9s aux transitions digitales, le num\u00e9rique est un outil important pour la promotion d\u2019une facult\u00e9, efficace et transparente au service des parties prenantes.<\/p><p>Conscient des probl\u00e8mes et des d\u00e9fis\u2026..Arm\u00e9 des atouts de la FSO\u2026Je suis tr\u00e8s optimiste et confiant dans l\u2019avenir.<\/p>\t\t\t\t\t\t\t\t<\/div>\n\t\t\t\t<\/div>\n\t\t\t\t\t<\/div>\n\t\t<\/div>\n\t\t\t\t\t<\/div>\n\t\t<\/section>\n\t\t\t\t\t<\/div>\n\t\t<\/div>\n\t\t\t\t\t<\/div>\n\t\t<\/section>\n\t\t\t\t<section class=\"elementor-section elementor-top-section elementor-element elementor-element-74edeb4 elementor-section-boxed elementor-section-height-default elementor-section-height-default\" data-id=\"74edeb4\" data-element_type=\"section\" data-e-type=\"section\">\n\t\t\t\t\t\t<div class=\"elementor-container elementor-column-gap-default\">\n\t\t\t\t\t<div class=\"elementor-column elementor-col-100 elementor-top-column elementor-element elementor-element-e9e3e33\" data-id=\"e9e3e33\" data-element_type=\"column\" data-e-type=\"column\">\n\t\t\t<div class=\"elementor-widget-wrap elementor-element-populated\">\n\t\t\t\t\t\t<div class=\"elementor-element elementor-element-558778f8 elementor-position-inline-start elementor-view-default elementor-mobile-position-block-start elementor-invisible elementor-widget elementor-widget-icon-box\" data-id=\"558778f8\" data-element_type=\"widget\" data-e-type=\"widget\" data-settings=\"{&quot;_animation&quot;:&quot;fadeInRight&quot;,&quot;_animation_delay&quot;:350,&quot;ekit_we_effect_on&quot;:&quot;none&quot;}\" data-widget_type=\"icon-box.default\">\n\t\t\t\t<div class=\"elementor-widget-container\">\n\t\t\t\t\t\t\t<div class=\"elementor-icon-box-wrapper\">\n\n\t\t\t\t\t\t<div class=\"elementor-icon-box-icon\">\n\t\t\t\t<span  class=\"elementor-icon elementor-animation-grow\">\n\t\t\t\t<svg aria-hidden=\"true\" class=\"e-font-icon-svg e-fas-user-tie\" viewBox=\"0 0 448 512\" xmlns=\"http:\/\/www.w3.org\/2000\/svg\"><path d=\"M224 256c70.7 0 128-57.3 128-128S294.7 0 224 0 96 57.3 96 128s57.3 128 128 128zm95.8 32.6L272 480l-32-136 32-56h-96l32 56-32 136-47.8-191.4C56.9 292 0 350.3 0 422.4V464c0 26.5 21.5 48 48 48h352c26.5 0 48-21.5 48-48v-41.6c0-72.1-56.9-130.4-128.2-133.8z\"><\/path><\/svg>\t\t\t\t<\/span>\n\t\t\t<\/div>\n\t\t\t\n\t\t\t\t\t\t<div class=\"elementor-icon-box-content\">\n\n\t\t\t\t\t\t\t\t\t<h3 class=\"elementor-icon-box-title\">\n\t\t\t\t\t\t<span  >\n\t\t\t\t\t\t\tProfesseur E.B.Maarouf\t\t\t\t\t\t<\/span>\n\t\t\t\t\t<\/h3>\n\t\t\t\t\n\t\t\t\t\t\t\t\t\t<p class=\"elementor-icon-box-description\">\n\t\t\t\t\t\tDoyen de la Facult\u00e9 des Sciences d\u2019Oujda\n\n\t\t\t\t\t<\/p>\n\t\t\t\t\n\t\t\t<\/div>\n\t\t\t\n\t\t<\/div>\n\t\t\t\t\t\t<\/div>\n\t\t\t\t<\/div>\n\t\t\t\t\t<\/div>\n\t\t<\/div>\n\t\t\t\t\t<\/div>\n\t\t<\/section>\n\t\t\t\t<\/div>\n\t\t","protected":false},"excerpt":{"rendered":"<p>Mot du M. E B Maarouf Doyen de la Facult\u00e9 des Sciences d\u2019Oujda La Facult\u00e9 des sciences d\u2019Oujda, FSO, est l\u2019un des principaux \u00e9tablissements de l\u2019Universit\u00e9 Mohamed Premier, UMP. Elle a \u00e9t\u00e9 cr\u00e9\u00e9e le 18 Avril 1979. Avec quarante-six ans d\u2019exp\u00e9rience et de cumul, la FSO, est une facult\u00e9 productrice et motrice du savoir et [&hellip;]<\/p>\n","protected":false},"author":1,"featured_media":4411,"parent":0,"menu_order":0,"comment_status":"closed","ping_status":"closed","template":"template\/full-width-template.php","meta":{"_acf_changed":false,"inline_featured_image":false,"footnotes":""},"class_list":["post-4420","page","type-page","status-publish","has-post-thumbnail","hentry"],"acf":[],"yoast_head":"<!-- This site is optimized with the Yoast SEO plugin v27.3 - https:\/\/yoast.com\/product\/yoast-seo-wordpress\/ -->\n<title>Mot du doyen - FSO<\/title>\n<meta name=\"robots\" content=\"index, follow, max-snippet:-1, max-image-preview:large, max-video-preview:-1\" \/>\n<link rel=\"canonical\" href=\"https:\/\/fso.darelmaarifa.com\/?page_id=4420\" \/>\n<meta property=\"og:locale\" content=\"fr_FR\" \/>\n<meta property=\"og:type\" content=\"article\" \/>\n<meta property=\"og:title\" content=\"Mot du doyen - FSO\" \/>\n<meta property=\"og:description\" content=\"Mot du M. E B Maarouf Doyen de la Facult\u00e9 des Sciences d\u2019Oujda La Facult\u00e9 des sciences d\u2019Oujda, FSO, est l\u2019un des principaux \u00e9tablissements de l\u2019Universit\u00e9 Mohamed Premier, UMP. Elle a \u00e9t\u00e9 cr\u00e9\u00e9e le 18 Avril 1979. Avec quarante-six ans d\u2019exp\u00e9rience et de cumul, la FSO, est une facult\u00e9 productrice et motrice du savoir et [&hellip;]\" \/>\n<meta property=\"og:url\" content=\"https:\/\/fso.darelmaarifa.com\/?page_id=4420\" \/>\n<meta property=\"og:site_name\" content=\"FSO\" \/>\n<meta property=\"article:publisher\" content=\"https:\/\/www.facebook.com\/fso.ump.ma\/\" \/>\n<meta property=\"article:modified_time\" content=\"2026-04-13T09:35:09+00:00\" \/>\n<meta property=\"og:image\" content=\"https:\/\/fso.darelmaarifa.com\/wp-content\/uploads\/2024\/05\/21.jpg\" \/>\n\t<meta property=\"og:image:width\" content=\"1090\" \/>\n\t<meta property=\"og:image:height\" content=\"600\" \/>\n\t<meta property=\"og:image:type\" content=\"image\/jpeg\" \/>\n<meta name=\"twitter:card\" content=\"summary_large_image\" \/>\n<meta name=\"twitter:label1\" content=\"Dur\u00e9e de lecture estim\u00e9e\" \/>\n\t<meta name=\"twitter:data1\" content=\"3 minutes\" \/>\n<script type=\"application\/ld+json\" class=\"yoast-schema-graph\">{\"@context\":\"https:\\\/\\\/schema.org\",\"@graph\":[{\"@type\":\"WebPage\",\"@id\":\"https:\\\/\\\/fso.darelmaarifa.com\\\/?page_id=4420\",\"url\":\"https:\\\/\\\/fso.darelmaarifa.com\\\/?page_id=4420\",\"name\":\"Mot du doyen - FSO\",\"isPartOf\":{\"@id\":\"https:\\\/\\\/fso.darelmaarifa.com\\\/#website\"},\"primaryImageOfPage\":{\"@id\":\"https:\\\/\\\/fso.darelmaarifa.com\\\/?page_id=4420#primaryimage\"},\"image\":{\"@id\":\"https:\\\/\\\/fso.darelmaarifa.com\\\/?page_id=4420#primaryimage\"},\"thumbnailUrl\":\"https:\\\/\\\/fso.darelmaarifa.com\\\/wp-content\\\/uploads\\\/2024\\\/05\\\/21.jpg\",\"datePublished\":\"2024-05-20T15:43:48+00:00\",\"dateModified\":\"2026-04-13T09:35:09+00:00\",\"breadcrumb\":{\"@id\":\"https:\\\/\\\/fso.darelmaarifa.com\\\/?page_id=4420#breadcrumb\"},\"inLanguage\":\"fr-FR\",\"potentialAction\":[{\"@type\":\"ReadAction\",\"target\":[\"https:\\\/\\\/fso.darelmaarifa.com\\\/?page_id=4420\"]}]},{\"@type\":\"ImageObject\",\"inLanguage\":\"fr-FR\",\"@id\":\"https:\\\/\\\/fso.darelmaarifa.com\\\/?page_id=4420#primaryimage\",\"url\":\"https:\\\/\\\/fso.darelmaarifa.com\\\/wp-content\\\/uploads\\\/2024\\\/05\\\/21.jpg\",\"contentUrl\":\"https:\\\/\\\/fso.darelmaarifa.com\\\/wp-content\\\/uploads\\\/2024\\\/05\\\/21.jpg\",\"width\":1090,\"height\":600},{\"@type\":\"BreadcrumbList\",\"@id\":\"https:\\\/\\\/fso.darelmaarifa.com\\\/?page_id=4420#breadcrumb\",\"itemListElement\":[{\"@type\":\"ListItem\",\"position\":1,\"name\":\"Accueil\",\"item\":\"https:\\\/\\\/fso.darelmaarifa.com\\\/\"},{\"@type\":\"ListItem\",\"position\":2,\"name\":\"Mot du doyen\"}]},{\"@type\":\"WebSite\",\"@id\":\"https:\\\/\\\/fso.darelmaarifa.com\\\/#website\",\"url\":\"https:\\\/\\\/fso.darelmaarifa.com\\\/\",\"name\":\"Facult\u00e9 des Sciences Oujda\",\"description\":\"Facult\u00e9 des Sciences Oujda\",\"publisher\":{\"@id\":\"https:\\\/\\\/fso.darelmaarifa.com\\\/#organization\"},\"potentialAction\":[{\"@type\":\"SearchAction\",\"target\":{\"@type\":\"EntryPoint\",\"urlTemplate\":\"https:\\\/\\\/fso.darelmaarifa.com\\\/?s={search_term_string}\"},\"query-input\":{\"@type\":\"PropertyValueSpecification\",\"valueRequired\":true,\"valueName\":\"search_term_string\"}}],\"inLanguage\":\"fr-FR\"},{\"@type\":\"Organization\",\"@id\":\"https:\\\/\\\/fso.darelmaarifa.com\\\/#organization\",\"name\":\"FSO\",\"url\":\"https:\\\/\\\/fso.darelmaarifa.com\\\/\",\"logo\":{\"@type\":\"ImageObject\",\"inLanguage\":\"fr-FR\",\"@id\":\"https:\\\/\\\/fso.darelmaarifa.com\\\/#\\\/schema\\\/logo\\\/image\\\/\",\"url\":\"https:\\\/\\\/fso.darelmaarifa.com\\\/wp-content\\\/uploads\\\/2024\\\/05\\\/Logo-fso.png\",\"contentUrl\":\"https:\\\/\\\/fso.darelmaarifa.com\\\/wp-content\\\/uploads\\\/2024\\\/05\\\/Logo-fso.png\",\"width\":1080,\"height\":1080,\"caption\":\"FSO\"},\"image\":{\"@id\":\"https:\\\/\\\/fso.darelmaarifa.com\\\/#\\\/schema\\\/logo\\\/image\\\/\"},\"sameAs\":[\"https:\\\/\\\/www.facebook.com\\\/fso.ump.ma\\\/\"]}]}<\/script>\n<!-- \/ Yoast SEO plugin. -->","yoast_head_json":{"title":"Mot du doyen - FSO","robots":{"index":"index","follow":"follow","max-snippet":"max-snippet:-1","max-image-preview":"max-image-preview:large","max-video-preview":"max-video-preview:-1"},"canonical":"https:\/\/fso.darelmaarifa.com\/?page_id=4420","og_locale":"fr_FR","og_type":"article","og_title":"Mot du doyen - FSO","og_description":"Mot du M. E B Maarouf Doyen de la Facult\u00e9 des Sciences d\u2019Oujda La Facult\u00e9 des sciences d\u2019Oujda, FSO, est l\u2019un des principaux \u00e9tablissements de l\u2019Universit\u00e9 Mohamed Premier, UMP. Elle a \u00e9t\u00e9 cr\u00e9\u00e9e le 18 Avril 1979. Avec quarante-six ans d\u2019exp\u00e9rience et de cumul, la FSO, est une facult\u00e9 productrice et motrice du savoir et [&hellip;]","og_url":"https:\/\/fso.darelmaarifa.com\/?page_id=4420","og_site_name":"FSO","article_publisher":"https:\/\/www.facebook.com\/fso.ump.ma\/","article_modified_time":"2026-04-13T09:35:09+00:00","og_image":[{"width":1090,"height":600,"url":"https:\/\/fso.darelmaarifa.com\/wp-content\/uploads\/2024\/05\/21.jpg","type":"image\/jpeg"}],"twitter_card":"summary_large_image","twitter_misc":{"Dur\u00e9e de lecture estim\u00e9e":"3 minutes"},"schema":{"@context":"https:\/\/schema.org","@graph":[{"@type":"WebPage","@id":"https:\/\/fso.darelmaarifa.com\/?page_id=4420","url":"https:\/\/fso.darelmaarifa.com\/?page_id=4420","name":"Mot du doyen - FSO","isPartOf":{"@id":"https:\/\/fso.darelmaarifa.com\/#website"},"primaryImageOfPage":{"@id":"https:\/\/fso.darelmaarifa.com\/?page_id=4420#primaryimage"},"image":{"@id":"https:\/\/fso.darelmaarifa.com\/?page_id=4420#primaryimage"},"thumbnailUrl":"https:\/\/fso.darelmaarifa.com\/wp-content\/uploads\/2024\/05\/21.jpg","datePublished":"2024-05-20T15:43:48+00:00","dateModified":"2026-04-13T09:35:09+00:00","breadcrumb":{"@id":"https:\/\/fso.darelmaarifa.com\/?page_id=4420#breadcrumb"},"inLanguage":"fr-FR","potentialAction":[{"@type":"ReadAction","target":["https:\/\/fso.darelmaarifa.com\/?page_id=4420"]}]},{"@type":"ImageObject","inLanguage":"fr-FR","@id":"https:\/\/fso.darelmaarifa.com\/?page_id=4420#primaryimage","url":"https:\/\/fso.darelmaarifa.com\/wp-content\/uploads\/2024\/05\/21.jpg","contentUrl":"https:\/\/fso.darelmaarifa.com\/wp-content\/uploads\/2024\/05\/21.jpg","width":1090,"height":600},{"@type":"BreadcrumbList","@id":"https:\/\/fso.darelmaarifa.com\/?page_id=4420#breadcrumb","itemListElement":[{"@type":"ListItem","position":1,"name":"Accueil","item":"https:\/\/fso.darelmaarifa.com\/"},{"@type":"ListItem","position":2,"name":"Mot du doyen"}]},{"@type":"WebSite","@id":"https:\/\/fso.darelmaarifa.com\/#website","url":"https:\/\/fso.darelmaarifa.com\/","name":"Facult\u00e9 des Sciences Oujda","description":"Facult\u00e9 des Sciences Oujda","publisher":{"@id":"https:\/\/fso.darelmaarifa.com\/#organization"},"potentialAction":[{"@type":"SearchAction","target":{"@type":"EntryPoint","urlTemplate":"https:\/\/fso.darelmaarifa.com\/?s={search_term_string}"},"query-input":{"@type":"PropertyValueSpecification","valueRequired":true,"valueName":"search_term_string"}}],"inLanguage":"fr-FR"},{"@type":"Organization","@id":"https:\/\/fso.darelmaarifa.com\/#organization","name":"FSO","url":"https:\/\/fso.darelmaarifa.com\/","logo":{"@type":"ImageObject","inLanguage":"fr-FR","@id":"https:\/\/fso.darelmaarifa.com\/#\/schema\/logo\/image\/","url":"https:\/\/fso.darelmaarifa.com\/wp-content\/uploads\/2024\/05\/Logo-fso.png","contentUrl":"https:\/\/fso.darelmaarifa.com\/wp-content\/uploads\/2024\/05\/Logo-fso.png","width":1080,"height":1080,"caption":"FSO"},"image":{"@id":"https:\/\/fso.darelmaarifa.com\/#\/schema\/logo\/image\/"},"sameAs":["https:\/\/www.facebook.com\/fso.ump.ma\/"]}]}},"publishpress_future_action":{"enabled":false,"date":"2026-04-22 15:36:50","action":"change-status","newStatus":"draft","terms":[],"taxonomy":"","extraData":[]},"publishpress_future_workflow_manual_trigger":{"enabledWorkflows":[]},"_links":{"self":[{"href":"https:\/\/fso.darelmaarifa.com\/index.php?rest_route=\/wp\/v2\/pages\/4420","targetHints":{"allow":["GET"]}}],"collection":[{"href":"https:\/\/fso.darelmaarifa.com\/index.php?rest_route=\/wp\/v2\/pages"}],"about":[{"href":"https:\/\/fso.darelmaarifa.com\/index.php?rest_route=\/wp\/v2\/types\/page"}],"author":[{"embeddable":true,"href":"https:\/\/fso.darelmaarifa.com\/index.php?rest_route=\/wp\/v2\/users\/1"}],"replies":[{"embeddable":true,"href":"https:\/\/fso.darelmaarifa.com\/index.php?rest_route=%2Fwp%2Fv2%2Fcomments&post=4420"}],"version-history":[{"count":42,"href":"https:\/\/fso.darelmaarifa.com\/index.php?rest_route=\/wp\/v2\/pages\/4420\/revisions"}],"predecessor-version":[{"id":7439,"href":"https:\/\/fso.darelmaarifa.com\/index.php?rest_route=\/wp\/v2\/pages\/4420\/revisions\/7439"}],"wp:featuredmedia":[{"embeddable":true,"href":"https:\/\/fso.darelmaarifa.com\/index.php?rest_route=\/wp\/v2\/media\/4411"}],"wp:attachment":[{"href":"https:\/\/fso.darelmaarifa.com\/index.php?rest_route=%2Fwp%2Fv2%2Fmedia&parent=4420"}],"curies":[{"name":"wp","href":"https:\/\/api.w.org\/{rel}","templated":true}]}}