{"id":1225,"date":"2019-01-08T06:14:37","date_gmt":"2019-01-08T06:14:37","guid":{"rendered":"http:\/\/localhost\/Exhibz\/?page_id=1225"},"modified":"2024-05-22T15:03:39","modified_gmt":"2024-05-22T15:03:39","slug":"contact","status":"publish","type":"page","link":"https:\/\/fso.darelmaarifa.com\/?page_id=1225","title":{"rendered":"Contact"},"content":{"rendered":"\t\t<div data-elementor-type=\"wp-post\" data-elementor-id=\"1225\" class=\"elementor elementor-1225\" data-elementor-post-type=\"page\">\n\t\t\t\t\t\t<section class=\"elementor-section elementor-top-section elementor-element elementor-element-3cf7cd6 elementor-section-boxed elementor-section-height-default elementor-section-height-default\" data-id=\"3cf7cd6\" data-element_type=\"section\" data-e-type=\"section\">\n\t\t\t\t\t\t<div class=\"elementor-container elementor-column-gap-default\">\n\t\t\t\t\t<div class=\"elementor-column elementor-col-33 elementor-top-column elementor-element elementor-element-8071dbb\" data-id=\"8071dbb\" data-element_type=\"column\" data-e-type=\"column\">\n\t\t\t<div class=\"elementor-widget-wrap\">\n\t\t\t\t\t\t\t<\/div>\n\t\t<\/div>\n\t\t\t\t<div class=\"elementor-column elementor-col-33 elementor-top-column elementor-element elementor-element-51a977d\" data-id=\"51a977d\" data-element_type=\"column\" data-e-type=\"column\">\n\t\t\t<div class=\"elementor-widget-wrap elementor-element-populated\">\n\t\t\t\t\t\t<div class=\"elementor-element elementor-element-ee77c67 elementor-widget elementor-widget-heading\" data-id=\"ee77c67\" data-element_type=\"widget\" data-e-type=\"widget\" data-settings=\"{&quot;ekit_we_effect_on&quot;:&quot;none&quot;}\" data-widget_type=\"heading.default\">\n\t\t\t\t<div class=\"elementor-widget-container\">\n\t\t\t\t\t<h2 class=\"elementor-heading-title elementor-size-default\">Information<\/h2>\t\t\t\t<\/div>\n\t\t\t\t<\/div>\n\t\t\t\t<div class=\"elementor-element elementor-element-1c2f374 elementor-widget elementor-widget-heading\" data-id=\"1c2f374\" data-element_type=\"widget\" data-e-type=\"widget\" data-settings=\"{&quot;ekit_we_effect_on&quot;:&quot;none&quot;}\" data-widget_type=\"heading.default\">\n\t\t\t\t<div class=\"elementor-widget-container\">\n\t\t\t\t\t<h2 class=\"elementor-heading-title elementor-size-default\">Contact<\/h2>\t\t\t\t<\/div>\n\t\t\t\t<\/div>\n\t\t\t\t\t<\/div>\n\t\t<\/div>\n\t\t\t\t<div class=\"elementor-column elementor-col-33 elementor-top-column elementor-element elementor-element-1e53b1d\" data-id=\"1e53b1d\" data-element_type=\"column\" data-e-type=\"column\">\n\t\t\t<div class=\"elementor-widget-wrap\">\n\t\t\t\t\t\t\t<\/div>\n\t\t<\/div>\n\t\t\t\t\t<\/div>\n\t\t<\/section>\n\t\t\t\t<section class=\"elementor-section elementor-top-section elementor-element elementor-element-d2832ba elementor-section-boxed elementor-section-height-default elementor-section-height-default\" data-id=\"d2832ba\" data-element_type=\"section\" data-e-type=\"section\" data-settings=\"{&quot;background_background&quot;:&quot;classic&quot;}\">\n\t\t\t\t\t\t<div class=\"elementor-container elementor-column-gap-default\">\n\t\t\t\t\t<div class=\"elementor-column elementor-col-100 elementor-top-column elementor-element elementor-element-6081284\" data-id=\"6081284\" data-element_type=\"column\" data-e-type=\"column\">\n\t\t\t<div class=\"elementor-widget-wrap elementor-element-populated\">\n\t\t\t\t\t\t<section class=\"elementor-section elementor-inner-section elementor-element elementor-element-00c0674 elementor-section-boxed elementor-section-height-default elementor-section-height-default\" data-id=\"00c0674\" data-element_type=\"section\" data-e-type=\"section\">\n\t\t\t\t\t\t<div class=\"elementor-container elementor-column-gap-default\">\n\t\t\t\t\t<div class=\"elementor-column elementor-col-50 elementor-inner-column elementor-element elementor-element-133c603\" data-id=\"133c603\" data-element_type=\"column\" data-e-type=\"column\">\n\t\t\t<div class=\"elementor-widget-wrap elementor-element-populated\">\n\t\t\t\t\t\t<div class=\"elementor-element elementor-element-389ad6c elementor-widget elementor-widget-exhibz-feature\" data-id=\"389ad6c\" data-element_type=\"widget\" data-e-type=\"widget\" data-settings=\"{&quot;ekit_we_effect_on&quot;:&quot;none&quot;}\" data-widget_type=\"exhibz-feature.default\">\n\t\t\t\t<div class=\"elementor-widget-container\">\n\t\t\t\t\t\n\t\t\n\t\t\n\t\t            <div class=\"single-intro-text single-contact-feature\">\n                <h3 class=\"ts-title\">D\u00e9tail <\/h3>\n                <p>\n\t\t\t\t\t<strong>Adresse:<\/strong>  Facult\u00e9 des Sciences BV Mohammed VI - BP 717 Oujda 60000 Maroc<\/br>\n<strong>T\u00c9L:<\/strong>+212 536500601<\/br>\n<strong>T\u00c9L:<\/strong>+212 536500602<\/br>\n<strong>Email:<\/strong> info@fso.ump.ac.ma<\/br>                <\/p>\n                <span class=\"count-number\">\n\t\t\t\t\t<svg aria-hidden=\"true\" class=\"e-font-icon-svg e-fas-home\" viewBox=\"0 0 576 512\" xmlns=\"http:\/\/www.w3.org\/2000\/svg\"><path d=\"M280.37 148.26L96 300.11V464a16 16 0 0 0 16 16l112.06-.29a16 16 0 0 0 15.92-16V368a16 16 0 0 1 16-16h64a16 16 0 0 1 16 16v95.64a16 16 0 0 0 16 16.05L464 480a16 16 0 0 0 16-16V300L295.67 148.26a12.19 12.19 0 0 0-15.3 0zM571.6 251.47L488 182.56V44.05a12 12 0 0 0-12-12h-56a12 12 0 0 0-12 12v72.61L318.47 43a48 48 0 0 0-61 0L4.34 251.47a12 12 0 0 0-1.6 16.9l25.5 31A12 12 0 0 0 45.15 301l235.22-193.74a12.19 12.19 0 0 1 15.3 0L530.9 301a12 12 0 0 0 16.9-1.6l25.5-31a12 12 0 0 0-1.7-16.93z\"><\/path><\/svg>\t\t\t\t<\/span>\n            <\/div>\n\t\t\n\t\t\n\t\t\n\n\t\t\t\t\t\t<\/div>\n\t\t\t\t<\/div>\n\t\t\t\t\t<\/div>\n\t\t<\/div>\n\t\t\t\t<div class=\"elementor-column elementor-col-50 elementor-inner-column elementor-element elementor-element-1d9bfff\" data-id=\"1d9bfff\" data-element_type=\"column\" data-e-type=\"column\">\n\t\t\t<div class=\"elementor-widget-wrap elementor-element-populated\">\n\t\t\t\t\t\t<div class=\"elementor-element elementor-element-3981dff elementor-widget elementor-widget-google_maps\" data-id=\"3981dff\" data-element_type=\"widget\" data-e-type=\"widget\" data-settings=\"{&quot;ekit_we_effect_on&quot;:&quot;none&quot;}\" data-widget_type=\"google_maps.default\">\n\t\t\t\t<div class=\"elementor-widget-container\">\n\t\t\t\t\t\t\t<div class=\"elementor-custom-embed\">\n\t\t\t<iframe loading=\"lazy\"\n\t\t\t\t\tsrc=\"https:\/\/maps.google.com\/maps?q=Fso%20&#038;t=m&#038;z=15&#038;output=embed&#038;iwloc=near\"\n\t\t\t\t\ttitle=\"Fso \"\n\t\t\t\t\taria-label=\"Fso \"\n\t\t\t><\/iframe>\n\t\t<\/div>\n\t\t\t\t\t\t<\/div>\n\t\t\t\t<\/div>\n\t\t\t\t\t<\/div>\n\t\t<\/div>\n\t\t\t\t\t<\/div>\n\t\t<\/section>\n\t\t\t\t\t<\/div>\n\t\t<\/div>\n\t\t\t\t\t<\/div>\n\t\t<\/section>\n\t\t\t\t<section class=\"elementor-section elementor-top-section elementor-element elementor-element-097acb7 elementor-section-boxed elementor-section-height-default elementor-section-height-default\" data-id=\"097acb7\" data-element_type=\"section\" data-e-type=\"section\" data-settings=\"{&quot;background_background&quot;:&quot;classic&quot;}\">\n\t\t\t\t\t\t<div class=\"elementor-container elementor-column-gap-default\">\n\t\t\t\t\t<div class=\"elementor-column elementor-col-100 elementor-top-column elementor-element elementor-element-b2c8d0e\" data-id=\"b2c8d0e\" data-element_type=\"column\" data-e-type=\"column\">\n\t\t\t<div class=\"elementor-widget-wrap elementor-element-populated\">\n\t\t\t\t\t\t<div class=\"elementor-element elementor-element-8a57582 elementor-widget elementor-widget-heading\" data-id=\"8a57582\" data-element_type=\"widget\" data-e-type=\"widget\" data-settings=\"{&quot;ekit_we_effect_on&quot;:&quot;none&quot;}\" data-widget_type=\"heading.default\">\n\t\t\t\t<div class=\"elementor-widget-container\">\n\t\t\t\t\t<h2 class=\"elementor-heading-title elementor-size-default\">Avoir des questions?<\/h2>\t\t\t\t<\/div>\n\t\t\t\t<\/div>\n\t\t\t\t<div class=\"elementor-element elementor-element-2eebf84 elementor-widget elementor-widget-heading\" data-id=\"2eebf84\" data-element_type=\"widget\" data-e-type=\"widget\" data-settings=\"{&quot;ekit_we_effect_on&quot;:&quot;none&quot;}\" data-widget_type=\"heading.default\">\n\t\t\t\t<div class=\"elementor-widget-container\">\n\t\t\t\t\t<h2 class=\"elementor-heading-title elementor-size-default\">Envoyer le message<\/h2>\t\t\t\t<\/div>\n\t\t\t\t<\/div>\n\t\t\t\t<div class=\"elementor-element elementor-element-ead9de5 elementor-widget elementor-widget-shortcode\" data-id=\"ead9de5\" data-element_type=\"widget\" data-e-type=\"widget\" data-settings=\"{&quot;ekit_we_effect_on&quot;:&quot;none&quot;}\" data-widget_type=\"shortcode.default\">\n\t\t\t\t<div class=\"elementor-widget-container\">\n\t\t\t\t\t\t\t<div class=\"elementor-shortcode\">\n<div class=\"wpcf7 no-js\" id=\"wpcf7-f1574-o1\" lang=\"en-US\" dir=\"ltr\" data-wpcf7-id=\"1574\">\n<div class=\"screen-reader-response\"><p role=\"status\" aria-live=\"polite\" aria-atomic=\"true\"><\/p> <ul><\/ul><\/div>\n<form action=\"\/index.php?rest_route=%2Fwp%2Fv2%2Fpages%2F1225#wpcf7-f1574-o1\" method=\"post\" class=\"wpcf7-form init\" aria-label=\"Contact form\" novalidate=\"novalidate\" data-status=\"init\">\n<fieldset class=\"hidden-fields-container\"><input type=\"hidden\" name=\"_wpcf7\" value=\"1574\" \/><input type=\"hidden\" name=\"_wpcf7_version\" value=\"6.1.5\" \/><input type=\"hidden\" name=\"_wpcf7_locale\" value=\"en_US\" \/><input type=\"hidden\" name=\"_wpcf7_unit_tag\" value=\"wpcf7-f1574-o1\" \/><input type=\"hidden\" name=\"_wpcf7_container_post\" value=\"0\" \/><input type=\"hidden\" name=\"_wpcf7_posted_data_hash\" value=\"\" \/>\n<\/fieldset>\n<div class=\"ts-contact-form sidebar-widgets\">\n\t<div class=\"ts-form-group \">\n\t\t<div class=\"ts-form contactMe\">\n\t\t\t<div class=\"row form-group\">\n\t\t\t\t<div class=\"col-lg-6\">\n\t\t\t\t\t<p><span class=\"wpcf7-form-control-wrap\" data-name=\"text-49\"><input size=\"40\" maxlength=\"400\" class=\"wpcf7-form-control wpcf7-text form-control field\" aria-invalid=\"false\" placeholder=\"Nom Pr\u00e9nom\" value=\"\" type=\"text\" name=\"text-49\" \/><\/span>\n\t\t\t\t\t<\/p>\n\t\t\t\t<\/div>\n\t\t\t\t<div class=\"col-lg-6\">\n\t\t\t\t\t<p><span class=\"wpcf7-form-control-wrap\" data-name=\"tel-709\"><input size=\"40\" maxlength=\"400\" class=\"wpcf7-form-control wpcf7-tel wpcf7-validates-as-required wpcf7-text wpcf7-validates-as-tel form-control field\" aria-required=\"true\" aria-invalid=\"false\" placeholder=\"Tel\" value=\"\" type=\"tel\" name=\"tel-709\" \/><\/span>\n\t\t\t\t\t<\/p>\n\t\t\t\t<\/div>\n\t\t\t<\/div>\n\t\t\t<div class=\"row form-group\">\n\t\t\t\t<div class=\"col-lg-6\">\n\t\t\t\t\t<p><span class=\"wpcf7-form-control-wrap\" data-name=\"email-980\"><input size=\"40\" maxlength=\"400\" class=\"wpcf7-form-control wpcf7-email wpcf7-validates-as-required wpcf7-text wpcf7-validates-as-email form-control field\" aria-required=\"true\" aria-invalid=\"false\" placeholder=\"Email\" value=\"\" type=\"email\" name=\"email-980\" \/><\/span>\n\t\t\t\t\t<\/p>\n\t\t\t\t<\/div>\n\t\t\t\t<div class=\"col-lg-6\">\n\t\t\t\t\t<p><span class=\"wpcf7-form-control-wrap\" data-name=\"text-49\"><input size=\"40\" maxlength=\"400\" class=\"wpcf7-form-control wpcf7-text form-control field\" aria-invalid=\"false\" placeholder=\"Objet\" value=\"\" type=\"text\" name=\"text-49\" \/><\/span>\n\t\t\t\t\t<\/p>\n\t\t\t\t<\/div>\n\t\t\t<\/div>\n\t\t\t<p><span class=\"wpcf7-form-control-wrap\" data-name=\"textarea-463\"><textarea cols=\"40\" rows=\"10\" maxlength=\"2000\" class=\"wpcf7-form-control wpcf7-textarea wpcf7-validates-as-required form-control message-box field\" aria-required=\"true\" aria-invalid=\"false\" placeholder=\"Message\" name=\"textarea-463\"><\/textarea><\/span>\n\t\t\t<\/p>\n\t\t\t<div class=\"ts-btn-wraper text-center\">\n\t\t\t\t<p><input class=\"wpcf7-form-control wpcf7-submit has-spinner btn\" type=\"submit\" value=\"Envoyer\" \/>\n\t\t\t\t<\/p>\n\t\t\t<\/div>\n\t\t\t<div class=\"msg\">\n\t\t\t<\/div>\n\t\t<\/div>\n\t<\/div>\n<\/div><p style=\"display: none !important;\" class=\"akismet-fields-container\" data-prefix=\"_wpcf7_ak_\"><label>&#916;<textarea name=\"_wpcf7_ak_hp_textarea\" cols=\"45\" rows=\"8\" maxlength=\"100\"><\/textarea><\/label><input type=\"hidden\" id=\"ak_js_1\" name=\"_wpcf7_ak_js\" value=\"156\"\/><script>document.getElementById( \"ak_js_1\" ).setAttribute( \"value\", ( new Date() ).getTime() );<\/script><\/p><div class=\"wpcf7-response-output\" aria-hidden=\"true\"><\/div>\n<\/form>\n<\/div>\n<\/div>\n\t\t\t\t\t\t<\/div>\n\t\t\t\t<\/div>\n\t\t\t\t\t<\/div>\n\t\t<\/div>\n\t\t\t\t\t<\/div>\n\t\t<\/section>\n\t\t\t\t<\/div>\n\t\t","protected":false},"excerpt":{"rendered":"<p>Information Contact D\u00e9tail Adresse: Facult\u00e9 des Sciences BV Mohammed VI &#8211; BP 717 Oujda 60000 Maroc T\u00c9L:+212 536500601 T\u00c9L:+212 536500602 Email: info@fso.ump.ac.ma &nbsp; Avoir des questions? Envoyer le message<\/p>\n","protected":false},"author":1,"featured_media":4912,"parent":0,"menu_order":0,"comment_status":"closed","ping_status":"closed","template":"template\/full-width-template.php","meta":{"_acf_changed":false,"inline_featured_image":false,"footnotes":""},"class_list":["post-1225","page","type-page","status-publish","has-post-thumbnail","hentry"],"acf":[],"yoast_head":"<!-- This site is optimized with the Yoast SEO plugin v27.3 - https:\/\/yoast.com\/product\/yoast-seo-wordpress\/ -->\n<title>Contact - FSO<\/title>\n<meta name=\"robots\" content=\"index, follow, max-snippet:-1, max-image-preview:large, max-video-preview:-1\" \/>\n<link rel=\"canonical\" href=\"https:\/\/fso.darelmaarifa.com\/?page_id=1225\" \/>\n<meta property=\"og:locale\" content=\"fr_FR\" \/>\n<meta property=\"og:type\" content=\"article\" \/>\n<meta property=\"og:title\" content=\"Contact - FSO\" \/>\n<meta property=\"og:description\" content=\"Information Contact D\u00e9tail Adresse: Facult\u00e9 des Sciences BV Mohammed VI &#8211; BP 717 Oujda 60000 Maroc T\u00c9L:+212 536500601 T\u00c9L:+212 536500602 Email: info@fso.ump.ac.ma &nbsp; Avoir des questions? Envoyer le message\" \/>\n<meta property=\"og:url\" content=\"https:\/\/fso.darelmaarifa.com\/?page_id=1225\" \/>\n<meta property=\"og:site_name\" content=\"FSO\" \/>\n<meta property=\"article:publisher\" content=\"https:\/\/www.facebook.com\/fso.ump.ma\/\" \/>\n<meta property=\"article:modified_time\" content=\"2024-05-22T15:03:39+00:00\" \/>\n<meta property=\"og:image\" content=\"https:\/\/fso.darelmaarifa.com\/wp-content\/uploads\/2024\/05\/3-1.jpg\" \/>\n\t<meta property=\"og:image:width\" content=\"1090\" \/>\n\t<meta property=\"og:image:height\" content=\"600\" \/>\n\t<meta property=\"og:image:type\" content=\"image\/jpeg\" \/>\n<meta name=\"twitter:card\" content=\"summary_large_image\" \/>\n<script type=\"application\/ld+json\" class=\"yoast-schema-graph\">{\"@context\":\"https:\\\/\\\/schema.org\",\"@graph\":[{\"@type\":\"WebPage\",\"@id\":\"https:\\\/\\\/fso.darelmaarifa.com\\\/?page_id=1225\",\"url\":\"https:\\\/\\\/fso.darelmaarifa.com\\\/?page_id=1225\",\"name\":\"Contact - FSO\",\"isPartOf\":{\"@id\":\"https:\\\/\\\/fso.darelmaarifa.com\\\/#website\"},\"primaryImageOfPage\":{\"@id\":\"https:\\\/\\\/fso.darelmaarifa.com\\\/?page_id=1225#primaryimage\"},\"image\":{\"@id\":\"https:\\\/\\\/fso.darelmaarifa.com\\\/?page_id=1225#primaryimage\"},\"thumbnailUrl\":\"https:\\\/\\\/fso.darelmaarifa.com\\\/wp-content\\\/uploads\\\/2024\\\/05\\\/3-1.jpg\",\"datePublished\":\"2019-01-08T06:14:37+00:00\",\"dateModified\":\"2024-05-22T15:03:39+00:00\",\"breadcrumb\":{\"@id\":\"https:\\\/\\\/fso.darelmaarifa.com\\\/?page_id=1225#breadcrumb\"},\"inLanguage\":\"fr-FR\",\"potentialAction\":[{\"@type\":\"ReadAction\",\"target\":[\"https:\\\/\\\/fso.darelmaarifa.com\\\/?page_id=1225\"]}]},{\"@type\":\"ImageObject\",\"inLanguage\":\"fr-FR\",\"@id\":\"https:\\\/\\\/fso.darelmaarifa.com\\\/?page_id=1225#primaryimage\",\"url\":\"https:\\\/\\\/fso.darelmaarifa.com\\\/wp-content\\\/uploads\\\/2024\\\/05\\\/3-1.jpg\",\"contentUrl\":\"https:\\\/\\\/fso.darelmaarifa.com\\\/wp-content\\\/uploads\\\/2024\\\/05\\\/3-1.jpg\",\"width\":1090,\"height\":600},{\"@type\":\"BreadcrumbList\",\"@id\":\"https:\\\/\\\/fso.darelmaarifa.com\\\/?page_id=1225#breadcrumb\",\"itemListElement\":[{\"@type\":\"ListItem\",\"position\":1,\"name\":\"Accueil\",\"item\":\"https:\\\/\\\/fso.darelmaarifa.com\\\/\"},{\"@type\":\"ListItem\",\"position\":2,\"name\":\"Contact\"}]},{\"@type\":\"WebSite\",\"@id\":\"https:\\\/\\\/fso.darelmaarifa.com\\\/#website\",\"url\":\"https:\\\/\\\/fso.darelmaarifa.com\\\/\",\"name\":\"Facult\u00e9 des Sciences Oujda\",\"description\":\"Facult\u00e9 des Sciences Oujda\",\"publisher\":{\"@id\":\"https:\\\/\\\/fso.darelmaarifa.com\\\/#organization\"},\"potentialAction\":[{\"@type\":\"SearchAction\",\"target\":{\"@type\":\"EntryPoint\",\"urlTemplate\":\"https:\\\/\\\/fso.darelmaarifa.com\\\/?s={search_term_string}\"},\"query-input\":{\"@type\":\"PropertyValueSpecification\",\"valueRequired\":true,\"valueName\":\"search_term_string\"}}],\"inLanguage\":\"fr-FR\"},{\"@type\":\"Organization\",\"@id\":\"https:\\\/\\\/fso.darelmaarifa.com\\\/#organization\",\"name\":\"FSO\",\"url\":\"https:\\\/\\\/fso.darelmaarifa.com\\\/\",\"logo\":{\"@type\":\"ImageObject\",\"inLanguage\":\"fr-FR\",\"@id\":\"https:\\\/\\\/fso.darelmaarifa.com\\\/#\\\/schema\\\/logo\\\/image\\\/\",\"url\":\"https:\\\/\\\/fso.darelmaarifa.com\\\/wp-content\\\/uploads\\\/2024\\\/05\\\/Logo-fso.png\",\"contentUrl\":\"https:\\\/\\\/fso.darelmaarifa.com\\\/wp-content\\\/uploads\\\/2024\\\/05\\\/Logo-fso.png\",\"width\":1080,\"height\":1080,\"caption\":\"FSO\"},\"image\":{\"@id\":\"https:\\\/\\\/fso.darelmaarifa.com\\\/#\\\/schema\\\/logo\\\/image\\\/\"},\"sameAs\":[\"https:\\\/\\\/www.facebook.com\\\/fso.ump.ma\\\/\"]}]}<\/script>\n<!-- \/ Yoast SEO plugin. -->","yoast_head_json":{"title":"Contact - FSO","robots":{"index":"index","follow":"follow","max-snippet":"max-snippet:-1","max-image-preview":"max-image-preview:large","max-video-preview":"max-video-preview:-1"},"canonical":"https:\/\/fso.darelmaarifa.com\/?page_id=1225","og_locale":"fr_FR","og_type":"article","og_title":"Contact - FSO","og_description":"Information Contact D\u00e9tail Adresse: Facult\u00e9 des Sciences BV Mohammed VI &#8211; BP 717 Oujda 60000 Maroc T\u00c9L:+212 536500601 T\u00c9L:+212 536500602 Email: info@fso.ump.ac.ma &nbsp; Avoir des questions? Envoyer le message","og_url":"https:\/\/fso.darelmaarifa.com\/?page_id=1225","og_site_name":"FSO","article_publisher":"https:\/\/www.facebook.com\/fso.ump.ma\/","article_modified_time":"2024-05-22T15:03:39+00:00","og_image":[{"width":1090,"height":600,"url":"https:\/\/fso.darelmaarifa.com\/wp-content\/uploads\/2024\/05\/3-1.jpg","type":"image\/jpeg"}],"twitter_card":"summary_large_image","schema":{"@context":"https:\/\/schema.org","@graph":[{"@type":"WebPage","@id":"https:\/\/fso.darelmaarifa.com\/?page_id=1225","url":"https:\/\/fso.darelmaarifa.com\/?page_id=1225","name":"Contact - FSO","isPartOf":{"@id":"https:\/\/fso.darelmaarifa.com\/#website"},"primaryImageOfPage":{"@id":"https:\/\/fso.darelmaarifa.com\/?page_id=1225#primaryimage"},"image":{"@id":"https:\/\/fso.darelmaarifa.com\/?page_id=1225#primaryimage"},"thumbnailUrl":"https:\/\/fso.darelmaarifa.com\/wp-content\/uploads\/2024\/05\/3-1.jpg","datePublished":"2019-01-08T06:14:37+00:00","dateModified":"2024-05-22T15:03:39+00:00","breadcrumb":{"@id":"https:\/\/fso.darelmaarifa.com\/?page_id=1225#breadcrumb"},"inLanguage":"fr-FR","potentialAction":[{"@type":"ReadAction","target":["https:\/\/fso.darelmaarifa.com\/?page_id=1225"]}]},{"@type":"ImageObject","inLanguage":"fr-FR","@id":"https:\/\/fso.darelmaarifa.com\/?page_id=1225#primaryimage","url":"https:\/\/fso.darelmaarifa.com\/wp-content\/uploads\/2024\/05\/3-1.jpg","contentUrl":"https:\/\/fso.darelmaarifa.com\/wp-content\/uploads\/2024\/05\/3-1.jpg","width":1090,"height":600},{"@type":"BreadcrumbList","@id":"https:\/\/fso.darelmaarifa.com\/?page_id=1225#breadcrumb","itemListElement":[{"@type":"ListItem","position":1,"name":"Accueil","item":"https:\/\/fso.darelmaarifa.com\/"},{"@type":"ListItem","position":2,"name":"Contact"}]},{"@type":"WebSite","@id":"https:\/\/fso.darelmaarifa.com\/#website","url":"https:\/\/fso.darelmaarifa.com\/","name":"Facult\u00e9 des Sciences Oujda","description":"Facult\u00e9 des Sciences Oujda","publisher":{"@id":"https:\/\/fso.darelmaarifa.com\/#organization"},"potentialAction":[{"@type":"SearchAction","target":{"@type":"EntryPoint","urlTemplate":"https:\/\/fso.darelmaarifa.com\/?s={search_term_string}"},"query-input":{"@type":"PropertyValueSpecification","valueRequired":true,"valueName":"search_term_string"}}],"inLanguage":"fr-FR"},{"@type":"Organization","@id":"https:\/\/fso.darelmaarifa.com\/#organization","name":"FSO","url":"https:\/\/fso.darelmaarifa.com\/","logo":{"@type":"ImageObject","inLanguage":"fr-FR","@id":"https:\/\/fso.darelmaarifa.com\/#\/schema\/logo\/image\/","url":"https:\/\/fso.darelmaarifa.com\/wp-content\/uploads\/2024\/05\/Logo-fso.png","contentUrl":"https:\/\/fso.darelmaarifa.com\/wp-content\/uploads\/2024\/05\/Logo-fso.png","width":1080,"height":1080,"caption":"FSO"},"image":{"@id":"https:\/\/fso.darelmaarifa.com\/#\/schema\/logo\/image\/"},"sameAs":["https:\/\/www.facebook.com\/fso.ump.ma\/"]}]}},"publishpress_future_action":{"enabled":false,"date":"2026-04-22 15:37:23","action":"change-status","newStatus":"draft","terms":[],"taxonomy":"","extraData":[]},"publishpress_future_workflow_manual_trigger":{"enabledWorkflows":[]},"_links":{"self":[{"href":"https:\/\/fso.darelmaarifa.com\/index.php?rest_route=\/wp\/v2\/pages\/1225","targetHints":{"allow":["GET"]}}],"collection":[{"href":"https:\/\/fso.darelmaarifa.com\/index.php?rest_route=\/wp\/v2\/pages"}],"about":[{"href":"https:\/\/fso.darelmaarifa.com\/index.php?rest_route=\/wp\/v2\/types\/page"}],"author":[{"embeddable":true,"href":"https:\/\/fso.darelmaarifa.com\/index.php?rest_route=\/wp\/v2\/users\/1"}],"replies":[{"embeddable":true,"href":"https:\/\/fso.darelmaarifa.com\/index.php?rest_route=%2Fwp%2Fv2%2Fcomments&post=1225"}],"version-history":[{"count":11,"href":"https:\/\/fso.darelmaarifa.com\/index.php?rest_route=\/wp\/v2\/pages\/1225\/revisions"}],"predecessor-version":[{"id":4953,"href":"https:\/\/fso.darelmaarifa.com\/index.php?rest_route=\/wp\/v2\/pages\/1225\/revisions\/4953"}],"wp:featuredmedia":[{"embeddable":true,"href":"https:\/\/fso.darelmaarifa.com\/index.php?rest_route=\/wp\/v2\/media\/4912"}],"wp:attachment":[{"href":"https:\/\/fso.darelmaarifa.com\/index.php?rest_route=%2Fwp%2Fv2%2Fmedia&parent=1225"}],"curies":[{"name":"wp","href":"https:\/\/api.w.org\/{rel}","templated":true}]}}